{"id":705,"date":"2025-01-10T17:55:19","date_gmt":"2025-01-10T17:55:19","guid":{"rendered":"https:\/\/gthr.pl\/?page_id=705"},"modified":"2025-04-15T13:15:52","modified_gmt":"2025-04-15T13:15:52","slug":"csr-nasze-zobowiazania","status":"publish","type":"page","link":"https:\/\/gthr.pl\/pl\/csr-nasze-zobowiazania\/","title":{"rendered":"CSR &#8211; Nasze zobowi\u0105zania"},"content":{"rendered":"\t\t<div data-elementor-type=\"wp-page\" data-elementor-id=\"705\" class=\"elementor elementor-705\" data-elementor-settings=\"{&quot;ha_cmc_init_switcher&quot;:&quot;no&quot;}\">\n\t\t\t\t<div class=\"elementor-element elementor-element-5ffbdcf elementor-hidden-desktop elementor-hidden-tablet elementor-hidden-mobile e-flex e-con-boxed wpr-particle-no wpr-jarallax-no wpr-parallax-no wpr-sticky-section-no e-con e-parent\" data-id=\"5ffbdcf\" data-element_type=\"container\" data-settings=\"{&quot;_ha_eqh_enable&quot;:false}\">\n\t\t\t\t\t<div class=\"e-con-inner\">\n\t\t\t\t<div class=\"elementor-element elementor-element-1a2c447b exad-sticky-section-no exad-glass-effect-no elementor-widget elementor-widget-html\" data-id=\"1a2c447b\" data-element_type=\"widget\" data-widget_type=\"html.default\">\n\t\t\t\t<div class=\"elementor-widget-container\">\n\t\t\t\t\t<script>\n    document.addEventListener('DOMContentLoaded', () => {\n    const menuItemToUpdate = document.querySelector('li.menu-item-2653 .wpr-menu-item');\n    if (menuItemToUpdate) {\n        \/\/ Dodanie klasy CSS do elementu\n        menuItemToUpdate.classList.add('custom-font-weight');\n    \n        \/\/ Dodanie pseudo-elementu do niestandardowego podkre\u015blenia\n        menuItemToUpdate.style.position = 'relative';\n    \n        const underline = document.createElement('div');\n        underline.style.position = 'absolute';\n        underline.style.bottom = '0'; \/\/ Odst\u0119p 84px poni\u017cej tekstu\n        underline.style.left = '0';\n        underline.style.width = '100%';\n        underline.style.height = '3px';\n        underline.style.backgroundColor = '#40AFC2';\n        menuItemToUpdate.appendChild(underline);\n    }\n    const menuItemToUpdateMobile = document.querySelector('li.menu-item-713 .wpr-mobile-menu-item');\n    if (menuItemToUpdateMobile) {\n        menuItemToUpdateMobile.classList.add('custom-font-weight');\n    }\n});\n<\/script>\t\t\t\t<\/div>\n\t\t\t\t<\/div>\n\t\t\t\t\t<\/div>\n\t\t\t\t<\/div>\n\t\t<div class=\"elementor-element elementor-element-4ecae2d e-flex e-con-boxed wpr-particle-no wpr-jarallax-no wpr-parallax-no wpr-sticky-section-no e-con e-parent\" data-id=\"4ecae2d\" data-element_type=\"container\" data-settings=\"{&quot;_ha_eqh_enable&quot;:false}\">\n\t\t\t\t\t<div class=\"e-con-inner\">\n\t\t\t\t<div class=\"elementor-element elementor-element-c8d59af exad-sticky-section-no exad-glass-effect-no elementor-widget elementor-widget-spacer\" data-id=\"c8d59af\" data-element_type=\"widget\" data-widget_type=\"spacer.default\">\n\t\t\t\t<div class=\"elementor-widget-container\">\n\t\t\t\t\t\t\t<div class=\"elementor-spacer\">\n\t\t\t<div class=\"elementor-spacer-inner\"><\/div>\n\t\t<\/div>\n\t\t\t\t\t\t<\/div>\n\t\t\t\t<\/div>\n\t\t<div class=\"elementor-element elementor-element-d8ec16f e-con-full e-flex wpr-particle-no wpr-jarallax-no wpr-parallax-no wpr-sticky-section-no e-con e-child\" data-id=\"d8ec16f\" data-element_type=\"container\" data-settings=\"{&quot;_ha_eqh_enable&quot;:false}\">\n\t\t\t\t<div class=\"elementor-element elementor-element-6b82065 elementor-widget-mobile__width-initial exad-sticky-section-no exad-glass-effect-no elementor-widget elementor-widget-image\" data-id=\"6b82065\" data-element_type=\"widget\" data-widget_type=\"image.default\">\n\t\t\t\t<div class=\"elementor-widget-container\">\n\t\t\t\t\t\t\t\t\t\t\t\t\t\t\t<img decoding=\"async\" width=\"144\" height=\"150\" src=\"https:\/\/gthr.pl\/wp-content\/uploads\/2025\/01\/Safety-Collection-Place.svg\" class=\"attachment-thumbnail size-thumbnail wp-image-707\" alt=\"\" \/>\t\t\t\t\t\t\t\t\t\t\t\t\t\t\t<\/div>\n\t\t\t\t<\/div>\n\t\t\t\t<div class=\"elementor-element elementor-element-4affd5f elementor-widget__width-initial exad-sticky-section-no exad-glass-effect-no elementor-widget elementor-widget-heading\" data-id=\"4affd5f\" data-element_type=\"widget\" data-widget_type=\"heading.default\">\n\t\t\t\t<div class=\"elementor-widget-container\">\n\t\t\t\t\t<h2 class=\"elementor-heading-title elementor-size-default\">Zaanga\u017cowanie w zr\u00f3wnowa\u017cony rozw\u00f3j i odpowiedzialno\u015b\u0107 spo\u0142eczn\u0105<\/h2>\t\t\t\t<\/div>\n\t\t\t\t<\/div>\n\t\t\t\t<\/div>\n\t\t\t\t\t<\/div>\n\t\t\t\t<\/div>\n\t\t<div class=\"elementor-element elementor-element-520a538 e-flex e-con-boxed wpr-particle-no wpr-jarallax-no wpr-parallax-no wpr-sticky-section-no e-con e-parent\" data-id=\"520a538\" data-element_type=\"container\" data-settings=\"{&quot;_ha_eqh_enable&quot;:false}\">\n\t\t\t\t\t<div class=\"e-con-inner\">\n\t\t<div class=\"elementor-element elementor-element-78559b9 e-con-full e-flex wpr-particle-no wpr-jarallax-no wpr-parallax-no wpr-sticky-section-no e-con e-child\" data-id=\"78559b9\" data-element_type=\"container\" data-settings=\"{&quot;_ha_eqh_enable&quot;:false}\">\n\t\t\t\t<div class=\"elementor-element elementor-element-d9b3639 exad-sticky-section-no exad-glass-effect-no elementor-invisible elementor-widget elementor-widget-heading\" data-id=\"d9b3639\" data-element_type=\"widget\" data-settings=\"{&quot;_animation&quot;:&quot;fadeIn&quot;}\" data-widget_type=\"heading.default\">\n\t\t\t\t<div class=\"elementor-widget-container\">\n\t\t\t\t\t<h2 class=\"elementor-heading-title elementor-size-default\">Wierzymy, \u017ce prawdziwy sukces biznesowy to nie tylko wyniki finansowe, ale przede wszystkim odpowiedzialno\u015b\u0107 wobec ludzi, spo\u0142ecze\u0144stwa i\u00a0 \u015brodowiska. Jako producent elektrolitu jeste\u015bmy \u015bwiadomi naszego wp\u0142ywu na otoczenie, dlatego stawiamy sobie za cel dzia\u0142anie zgodne z najwy\u017cszymi standardami etycznymi, ekologicznymi i jako\u015bciowymi.<\/h2>\t\t\t\t<\/div>\n\t\t\t\t<\/div>\n\t\t\t\t<div class=\"elementor-element elementor-element-827c943 exad-sticky-section-no exad-glass-effect-no elementor-widget elementor-widget-spacer\" data-id=\"827c943\" data-element_type=\"widget\" data-widget_type=\"spacer.default\">\n\t\t\t\t<div class=\"elementor-widget-container\">\n\t\t\t\t\t\t\t<div class=\"elementor-spacer\">\n\t\t\t<div class=\"elementor-spacer-inner\"><\/div>\n\t\t<\/div>\n\t\t\t\t\t\t<\/div>\n\t\t\t\t<\/div>\n\t\t\t\t<div class=\"elementor-element elementor-element-1f70264 exad-sticky-section-no exad-glass-effect-no elementor-widget elementor-widget-heading\" data-id=\"1f70264\" data-element_type=\"widget\" data-widget_type=\"heading.default\">\n\t\t\t\t<div class=\"elementor-widget-container\">\n\t\t\t\t\t<h2 class=\"elementor-heading-title elementor-size-default\">Nasze zobowi\u0105zania<\/h2>\t\t\t\t<\/div>\n\t\t\t\t<\/div>\n\t\t<div class=\"elementor-element elementor-element-8434f4f e-con-full e-flex wpr-particle-no wpr-jarallax-no wpr-parallax-no wpr-sticky-section-no elementor-invisible e-con e-child\" data-id=\"8434f4f\" data-element_type=\"container\" data-settings=\"{&quot;animation&quot;:&quot;fadeInRight&quot;,&quot;_ha_eqh_enable&quot;:false}\">\n\t\t\t\t<div class=\"elementor-element elementor-element-649d286 elementor-widget__width-initial elementor-widget-mobile__width-initial exad-sticky-section-no exad-glass-effect-no elementor-widget elementor-widget-image\" data-id=\"649d286\" data-element_type=\"widget\" data-widget_type=\"image.default\">\n\t\t\t\t<div class=\"elementor-widget-container\">\n\t\t\t\t\t\t\t\t\t\t\t\t\t\t\t<img fetchpriority=\"high\" decoding=\"async\" width=\"922\" height=\"1024\" src=\"https:\/\/gthr.pl\/wp-content\/uploads\/2025\/01\/Decentralized-Network.svg\" class=\"attachment-large size-large wp-image-708\" alt=\"\" \/>\t\t\t\t\t\t\t\t\t\t\t\t\t\t\t<\/div>\n\t\t\t\t<\/div>\n\t\t\t\t<div class=\"elementor-element elementor-element-240a9c0 exad-sticky-section-no exad-glass-effect-no elementor-widget elementor-widget-heading\" data-id=\"240a9c0\" data-element_type=\"widget\" data-widget_type=\"heading.default\">\n\t\t\t\t<div class=\"elementor-widget-container\">\n\t\t\t\t\t<h2 class=\"elementor-heading-title elementor-size-default\">Jeste\u015bmy zaawansowan\u0105 technologicznie firm\u0105 produkuj\u0105c\u0105 elektrolit do wk\u0142ad\u00f3w baterii litowo-jonowych oraz jednym z wiod\u0105cych dostawc\u00f3w elektrolitu na \u015bwiecie.\u00a0<\/h2>\t\t\t\t<\/div>\n\t\t\t\t<\/div>\n\t\t\t\t<\/div>\n\t\t<div class=\"elementor-element elementor-element-2784f0b e-con-full e-flex wpr-particle-no wpr-jarallax-no wpr-parallax-no wpr-sticky-section-no elementor-invisible e-con e-child\" data-id=\"2784f0b\" data-element_type=\"container\" data-settings=\"{&quot;animation&quot;:&quot;fadeInRight&quot;,&quot;animation_delay&quot;:200,&quot;_ha_eqh_enable&quot;:false}\">\n\t\t\t\t<div class=\"elementor-element elementor-element-65fc88f elementor-widget__width-initial elementor-widget-mobile__width-initial exad-sticky-section-no exad-glass-effect-no elementor-widget elementor-widget-image\" data-id=\"65fc88f\" data-element_type=\"widget\" data-widget_type=\"image.default\">\n\t\t\t\t<div class=\"elementor-widget-container\">\n\t\t\t\t\t\t\t\t\t\t\t\t\t\t\t<img decoding=\"async\" width=\"1024\" height=\"1004\" src=\"https:\/\/gthr.pl\/wp-content\/uploads\/2025\/01\/Environmental-Planning.svg\" class=\"attachment-large size-large wp-image-709\" alt=\"\" \/>\t\t\t\t\t\t\t\t\t\t\t\t\t\t\t<\/div>\n\t\t\t\t<\/div>\n\t\t\t\t<div class=\"elementor-element elementor-element-a34e1bc exad-sticky-section-no exad-glass-effect-no elementor-widget elementor-widget-heading\" data-id=\"a34e1bc\" data-element_type=\"widget\" data-widget_type=\"heading.default\">\n\t\t\t\t<div class=\"elementor-widget-container\">\n\t\t\t\t\t<h2 class=\"elementor-heading-title elementor-size-default\">Dzia\u0142amy zgodnie z zasadami zr\u00f3wnowa\u017conego rozwoju, stale minimalizuj\u0105c nasz wp\u0142yw na \u015brodowisko. Inwestujemy w nowoczesne technologie, kt\u00f3re pomagaj\u0105 ograniczy\u0107 emisj\u0119 gaz\u00f3w cieplarnianych, zmniejszy\u0107 zu\u017cycie energii oraz minimalizowa\u0107 ilo\u015bci odpad\u00f3w.<\/h2>\t\t\t\t<\/div>\n\t\t\t\t<\/div>\n\t\t\t\t<\/div>\n\t\t<div class=\"elementor-element elementor-element-1c58077 e-con-full e-flex wpr-particle-no wpr-jarallax-no wpr-parallax-no wpr-sticky-section-no elementor-invisible e-con e-child\" data-id=\"1c58077\" data-element_type=\"container\" data-settings=\"{&quot;animation&quot;:&quot;fadeInRight&quot;,&quot;animation_delay&quot;:400,&quot;_ha_eqh_enable&quot;:false}\">\n\t\t\t\t<div class=\"elementor-element elementor-element-1ed6a00 elementor-widget__width-initial elementor-widget-mobile__width-initial exad-sticky-section-no exad-glass-effect-no elementor-widget elementor-widget-image\" data-id=\"1ed6a00\" data-element_type=\"widget\" data-widget_type=\"image.default\">\n\t\t\t\t<div class=\"elementor-widget-container\">\n\t\t\t\t\t\t\t\t\t\t\t\t\t\t\t<img loading=\"lazy\" decoding=\"async\" width=\"931\" height=\"1024\" src=\"https:\/\/gthr.pl\/wp-content\/uploads\/2025\/01\/diploma.svg\" class=\"attachment-large size-large wp-image-487\" alt=\"\" \/>\t\t\t\t\t\t\t\t\t\t\t\t\t\t\t<\/div>\n\t\t\t\t<\/div>\n\t\t\t\t<div class=\"elementor-element elementor-element-43c3d88 exad-sticky-section-no exad-glass-effect-no elementor-widget elementor-widget-heading\" data-id=\"43c3d88\" data-element_type=\"widget\" data-widget_type=\"heading.default\">\n\t\t\t\t<div class=\"elementor-widget-container\">\n\t\t\t\t\t<h2 class=\"elementor-heading-title elementor-size-default\">Jeste\u015bmy stale zaanga\u017cowani w utrzymanie najwy\u017cszych standard\u00f3w jako\u015bci, co potwierdzaj\u0105 certyfikaty mi\u0119dzynarodowych norm, takich jak ISO 9001 (zarz\u0105dzanie jako\u015bci\u0105), ISO 14001 (zarz\u0105dzanie \u015brodowiskowe), ISO 45001 (zarz\u0105dzanie bezpiecze\u0144stwem i higien\u0105 pracy) oraz IATF 16949 (zarz\u0105dzanie jako\u015bci\u0105 w przemy\u015ble motoryzacyjnym).<\/h2>\t\t\t\t<\/div>\n\t\t\t\t<\/div>\n\t\t\t\t<\/div>\n\t\t\t\t<div class=\"elementor-element elementor-element-3b6cd6f exad-sticky-section-no exad-glass-effect-no elementor-widget elementor-widget-spacer\" data-id=\"3b6cd6f\" data-element_type=\"widget\" data-widget_type=\"spacer.default\">\n\t\t\t\t<div class=\"elementor-widget-container\">\n\t\t\t\t\t\t\t<div class=\"elementor-spacer\">\n\t\t\t<div class=\"elementor-spacer-inner\"><\/div>\n\t\t<\/div>\n\t\t\t\t\t\t<\/div>\n\t\t\t\t<\/div>\n\t\t\t\t<div class=\"elementor-element elementor-element-5309291 exad-sticky-section-no exad-glass-effect-no elementor-widget elementor-widget-heading\" data-id=\"5309291\" data-element_type=\"widget\" data-widget_type=\"heading.default\">\n\t\t\t\t<div class=\"elementor-widget-container\">\n\t\t\t\t\t<h2 class=\"elementor-heading-title elementor-size-default\">Dlaczego to dla nas wa\u017cne?<\/h2>\t\t\t\t<\/div>\n\t\t\t\t<\/div>\n\t\t\t\t<div class=\"elementor-element elementor-element-fc9cd17 exad-sticky-section-no exad-glass-effect-no elementor-invisible elementor-widget elementor-widget-heading\" data-id=\"fc9cd17\" data-element_type=\"widget\" data-settings=\"{&quot;_animation&quot;:&quot;fadeIn&quot;}\" data-widget_type=\"heading.default\">\n\t\t\t\t<div class=\"elementor-widget-container\">\n\t\t\t\t\t<h2 class=\"elementor-heading-title elementor-size-default\">Zaanga\u017cowanie w zr\u00f3wnowa\u017cony rozw\u00f3j i odpowiedzialno\u015b\u0107 spo\u0142eczn\u0105 to fundament dzia\u0142alno\u015bci Guotai-Huarong (Poland) sp. z o.o. Wierzymy, \u017ce nasze dzia\u0142ania \u2013 od ochrony \u015brodowiska, przez etyczne zarz\u0105dzanie \u0142a\u0144cuchem dostaw, a\u017c po najwy\u017csze standardy jako\u015bci \u2013 wzmacniaj\u0105 nasz\u0105 firm\u0119 i przyczyniaj\u0105 si\u0119 do budowy lepszego spo\u0142ecze\u0144stwa oraz dbania<br>o kondycj\u0119 naszej planety.<\/h2>\t\t\t\t<\/div>\n\t\t\t\t<\/div>\n\t\t\t\t<div class=\"elementor-element elementor-element-9fbe3e3 exad-sticky-section-no exad-glass-effect-no elementor-widget elementor-widget-spacer\" data-id=\"9fbe3e3\" data-element_type=\"widget\" data-widget_type=\"spacer.default\">\n\t\t\t\t<div class=\"elementor-widget-container\">\n\t\t\t\t\t\t\t<div class=\"elementor-spacer\">\n\t\t\t<div class=\"elementor-spacer-inner\"><\/div>\n\t\t<\/div>\n\t\t\t\t\t\t<\/div>\n\t\t\t\t<\/div>\n\t\t<div class=\"elementor-element elementor-element-aa58ba8 e-con-full e-flex wpr-particle-no wpr-jarallax-no wpr-parallax-no wpr-sticky-section-no elementor-invisible e-con e-child\" data-id=\"aa58ba8\" data-element_type=\"container\" data-settings=\"{&quot;animation&quot;:&quot;fadeInUp&quot;,&quot;_ha_eqh_enable&quot;:false}\">\n\t\t\t\t<div class=\"elementor-element elementor-element-007d6ce exad-sticky-section-no exad-glass-effect-no elementor-widget elementor-widget-heading\" data-id=\"007d6ce\" data-element_type=\"widget\" data-widget_type=\"heading.default\">\n\t\t\t\t<div class=\"elementor-widget-container\">\n\t\t\t\t\t<h2 class=\"elementor-heading-title elementor-size-default\">Chcesz dowiedzie\u0107 si\u0119 wi\u0119cej?<\/h2>\t\t\t\t<\/div>\n\t\t\t\t<\/div>\n\t\t\t\t<div data-ha-element-link=\"{&quot;url&quot;:&quot;https:\\\/\\\/gthr.pl\\\/kontakt\\\/&quot;,&quot;is_external&quot;:&quot;&quot;,&quot;nofollow&quot;:&quot;&quot;}\" style=\"cursor: pointer\" class=\"elementor-element elementor-element-fcd923c elementor-align-center exad-sticky-section-no exad-glass-effect-no elementor-widget elementor-widget-button\" data-id=\"fcd923c\" data-element_type=\"widget\" data-widget_type=\"button.default\">\n\t\t\t\t<div class=\"elementor-widget-container\">\n\t\t\t\t\t\t\t\t\t<div class=\"elementor-button-wrapper\">\n\t\t\t\t\t<a class=\"elementor-button elementor-size-sm\" role=\"button\">\n\t\t\t\t\t\t<span class=\"elementor-button-content-wrapper\">\n\t\t\t\t\t\t\t\t\t<span class=\"elementor-button-text\">Skontaktuj si\u0119 z nami<\/span>\n\t\t\t\t\t<\/span>\n\t\t\t\t\t<\/a>\n\t\t\t\t<\/div>\n\t\t\t\t\t\t\t\t<\/div>\n\t\t\t\t<\/div>\n\t\t\t\t<\/div>\n\t\t\t\t<\/div>\n\t\t\t\t\t<\/div>\n\t\t\t\t<\/div>\n\t\t<div class=\"elementor-element elementor-element-d97ea47 e-flex e-con-boxed wpr-particle-no wpr-jarallax-no wpr-parallax-no wpr-sticky-section-no e-con e-parent\" data-id=\"d97ea47\" data-element_type=\"container\" data-settings=\"{&quot;_ha_eqh_enable&quot;:false}\">\n\t\t\t\t\t<div class=\"e-con-inner\">\n\t\t\t\t<div class=\"elementor-element elementor-element-bd95ba1 exad-sticky-section-no exad-glass-effect-no elementor-widget elementor-widget-spacer\" data-id=\"bd95ba1\" data-element_type=\"widget\" data-widget_type=\"spacer.default\">\n\t\t\t\t<div class=\"elementor-widget-container\">\n\t\t\t\t\t\t\t<div class=\"elementor-spacer\">\n\t\t\t<div class=\"elementor-spacer-inner\"><\/div>\n\t\t<\/div>\n\t\t\t\t\t\t<\/div>\n\t\t\t\t<\/div>\n\t\t\t\t\t<\/div>\n\t\t\t\t<\/div>\n\t\t\t\t<\/div>\n\t\t","protected":false},"excerpt":{"rendered":"<p>Zaanga\u017cowanie w zr\u00f3wnowa\u017cony rozw\u00f3j i odpowiedzialno\u015b\u0107 spo\u0142eczn\u0105 Wierzymy, \u017ce prawdziwy sukces biznesowy to nie tylko wyniki finansowe, ale przede wszystkim odpowiedzialno\u015b\u0107 wobec ludzi, spo\u0142ecze\u0144stwa i\u00a0 \u015brodowiska. Jako producent elektrolitu jeste\u015bmy \u015bwiadomi naszego wp\u0142ywu na otoczenie, dlatego stawiamy sobie za cel dzia\u0142anie zgodne z najwy\u017cszymi standardami etycznymi, ekologicznymi i jako\u015bciowymi. Nasze zobowi\u0105zania Jeste\u015bmy zaawansowan\u0105 technologicznie firm\u0105 produkuj\u0105c\u0105 elektrolit do wk\u0142ad\u00f3w baterii litowo-jonowych oraz jednym z wiod\u0105cych dostawc\u00f3w elektrolitu na \u015bwiecie.\u00a0 Dzia\u0142amy zgodnie z zasadami zr\u00f3wnowa\u017conego rozwoju, stale minimalizuj\u0105c nasz wp\u0142yw na \u015brodowisko. Inwestujemy w nowoczesne technologie, kt\u00f3re pomagaj\u0105 ograniczy\u0107 emisj\u0119 gaz\u00f3w cieplarnianych, zmniejszy\u0107 zu\u017cycie energii oraz minimalizowa\u0107 ilo\u015bci odpad\u00f3w. Jeste\u015bmy stale zaanga\u017cowani w utrzymanie najwy\u017cszych standard\u00f3w jako\u015bci, co potwierdzaj\u0105 certyfikaty mi\u0119dzynarodowych norm, takich jak ISO 9001 (zarz\u0105dzanie jako\u015bci\u0105), ISO 14001 (zarz\u0105dzanie \u015brodowiskowe), ISO 45001 (zarz\u0105dzanie bezpiecze\u0144stwem i higien\u0105 pracy) oraz IATF 16949 (zarz\u0105dzanie jako\u015bci\u0105 w przemy\u015ble motoryzacyjnym). Dlaczego to dla nas wa\u017cne? Zaanga\u017cowanie w zr\u00f3wnowa\u017cony rozw\u00f3j i odpowiedzialno\u015b\u0107 spo\u0142eczn\u0105 to fundament dzia\u0142alno\u015bci Guotai-Huarong (Poland) sp. z o.o. Wierzymy, \u017ce nasze dzia\u0142ania \u2013 od ochrony \u015brodowiska, przez etyczne zarz\u0105dzanie \u0142a\u0144cuchem dostaw, a\u017c po najwy\u017csze standardy jako\u015bci \u2013 wzmacniaj\u0105 nasz\u0105 firm\u0119 i przyczyniaj\u0105 si\u0119 do budowy lepszego spo\u0142ecze\u0144stwa oraz dbaniao kondycj\u0119 naszej planety. Chcesz dowiedzie\u0107 si\u0119 wi\u0119cej? Skontaktuj si\u0119 z nami<\/p>\n","protected":false},"author":1,"featured_media":0,"parent":0,"menu_order":0,"comment_status":"closed","ping_status":"closed","template":"","meta":{"_eb_attr":"","inline_featured_image":false,"footnotes":""},"class_list":["post-705","page","type-page","status-publish","hentry"],"_links":{"self":[{"href":"https:\/\/gthr.pl\/pl\/wp-json\/wp\/v2\/pages\/705","targetHints":{"allow":["GET"]}}],"collection":[{"href":"https:\/\/gthr.pl\/pl\/wp-json\/wp\/v2\/pages"}],"about":[{"href":"https:\/\/gthr.pl\/pl\/wp-json\/wp\/v2\/types\/page"}],"author":[{"embeddable":true,"href":"https:\/\/gthr.pl\/pl\/wp-json\/wp\/v2\/users\/1"}],"replies":[{"embeddable":true,"href":"https:\/\/gthr.pl\/pl\/wp-json\/wp\/v2\/comments?post=705"}],"version-history":[{"count":74,"href":"https:\/\/gthr.pl\/pl\/wp-json\/wp\/v2\/pages\/705\/revisions"}],"predecessor-version":[{"id":6086,"href":"https:\/\/gthr.pl\/pl\/wp-json\/wp\/v2\/pages\/705\/revisions\/6086"}],"wp:attachment":[{"href":"https:\/\/gthr.pl\/pl\/wp-json\/wp\/v2\/media?parent=705"}],"curies":[{"name":"wp","href":"https:\/\/api.w.org\/{rel}","templated":true}]}}