{"id":644,"date":"2025-01-10T15:53:59","date_gmt":"2025-01-10T15:53:59","guid":{"rendered":"https:\/\/gthr.pl\/?page_id=644"},"modified":"2026-01-07T07:22:40","modified_gmt":"2026-01-07T07:22:40","slug":"dostawcy-ogolne-warunki-zakupu","status":"publish","type":"page","link":"https:\/\/gthr.pl\/pl\/dostawcy-ogolne-warunki-zakupu\/","title":{"rendered":"Dostawcy &#8211; Og\u00f3lne warunki zakupu"},"content":{"rendered":"\t\t<div data-elementor-type=\"wp-page\" data-elementor-id=\"644\" class=\"elementor elementor-644\" data-elementor-settings=\"{&quot;ha_cmc_init_switcher&quot;:&quot;no&quot;}\">\n\t\t\t\t<div class=\"elementor-element elementor-element-6344675f elementor-hidden-desktop elementor-hidden-tablet elementor-hidden-mobile e-flex e-con-boxed wpr-particle-no wpr-jarallax-no wpr-parallax-no wpr-sticky-section-no e-con e-parent\" data-id=\"6344675f\" data-element_type=\"container\" data-settings=\"{&quot;_ha_eqh_enable&quot;:false}\">\n\t\t\t\t\t<div class=\"e-con-inner\">\n\t\t\t\t<div class=\"elementor-element elementor-element-662d0885 exad-sticky-section-no exad-glass-effect-no elementor-widget elementor-widget-html\" data-id=\"662d0885\" data-element_type=\"widget\" data-widget_type=\"html.default\">\n\t\t\t\t<div class=\"elementor-widget-container\">\n\t\t\t\t\t<script>\n    document.addEventListener('DOMContentLoaded', () => {\n    const menuItemToUpdate = document.querySelector('li.menu-item-2777 .wpr-menu-item');\n    if (menuItemToUpdate) {\n        \/\/ Dodanie klasy CSS do elementu\n        menuItemToUpdate.classList.add('custom-font-weight');\n    \n        \/\/ Dodanie pseudo-elementu do niestandardowego podkre\u015blenia\n        menuItemToUpdate.style.position = 'relative';\n    \n        const underline = document.createElement('div');\n        underline.style.position = 'absolute';\n        underline.style.bottom = '0'; \/\/ Odst\u0119p 84px poni\u017cej tekstu\n        underline.style.left = '0';\n        underline.style.width = '100%';\n        underline.style.height = '3px';\n        underline.style.backgroundColor = '#40AFC2';\n        menuItemToUpdate.appendChild(underline);\n    }\n    const menuItemToUpdateMobile = document.querySelector('li.menu-item-650 .wpr-mobile-menu-item');\n    if (menuItemToUpdateMobile) {\n        menuItemToUpdateMobile.classList.add('custom-font-weight');\n    }\n});\n<\/script>\t\t\t\t<\/div>\n\t\t\t\t<\/div>\n\t\t\t\t\t<\/div>\n\t\t\t\t<\/div>\n\t\t<div class=\"elementor-element elementor-element-4ecae2d e-flex e-con-boxed wpr-particle-no wpr-jarallax-no wpr-parallax-no wpr-sticky-section-no e-con e-parent\" data-id=\"4ecae2d\" data-element_type=\"container\" data-settings=\"{&quot;_ha_eqh_enable&quot;:false}\">\n\t\t\t\t\t<div class=\"e-con-inner\">\n\t\t\t\t<div class=\"elementor-element elementor-element-c8d59af exad-sticky-section-no exad-glass-effect-no elementor-widget elementor-widget-spacer\" data-id=\"c8d59af\" data-element_type=\"widget\" data-widget_type=\"spacer.default\">\n\t\t\t\t<div class=\"elementor-widget-container\">\n\t\t\t\t\t\t\t<div class=\"elementor-spacer\">\n\t\t\t<div class=\"elementor-spacer-inner\"><\/div>\n\t\t<\/div>\n\t\t\t\t\t\t<\/div>\n\t\t\t\t<\/div>\n\t\t<div class=\"elementor-element elementor-element-37f957b e-con-full e-flex wpr-particle-no wpr-jarallax-no wpr-parallax-no wpr-sticky-section-no e-con e-child\" data-id=\"37f957b\" data-element_type=\"container\" data-settings=\"{&quot;_ha_eqh_enable&quot;:false}\">\n\t\t\t\t<div class=\"elementor-element elementor-element-85fe30b exad-sticky-section-no exad-glass-effect-no elementor-invisible elementor-widget elementor-widget-image\" data-id=\"85fe30b\" data-element_type=\"widget\" data-settings=\"{&quot;_animation&quot;:&quot;fadeInDown&quot;}\" data-widget_type=\"image.default\">\n\t\t\t\t<div class=\"elementor-widget-container\">\n\t\t\t\t\t\t\t\t\t\t\t\t\t\t\t<img decoding=\"async\" src=\"https:\/\/gthr.pl\/wp-content\/uploads\/elementor\/thumbs\/dostawcy-scaled-qzznvw88cd1b9e9933llfsyodfcu3knwwuea09k0ts.jpeg\" title=\"Cami\u00f3n cisterna silo circulando por la carretera de una autopista trasportando productos a granel.\" alt=\"Bulk goods silo tanker truck driving on highway road.\" loading=\"lazy\" \/>\t\t\t\t\t\t\t\t\t\t\t\t\t\t\t<\/div>\n\t\t\t\t<\/div>\n\t\t\t\t<\/div>\n\t\t<div class=\"elementor-element elementor-element-d8ec16f e-con-full e-flex wpr-particle-no wpr-jarallax-no wpr-parallax-no wpr-sticky-section-no e-con e-child\" data-id=\"d8ec16f\" data-element_type=\"container\" data-settings=\"{&quot;_ha_eqh_enable&quot;:false}\">\n\t\t\t\t<div class=\"elementor-element elementor-element-6b82065 exad-sticky-section-no exad-glass-effect-no elementor-widget elementor-widget-image\" data-id=\"6b82065\" data-element_type=\"widget\" data-widget_type=\"image.default\">\n\t\t\t\t<div class=\"elementor-widget-container\">\n\t\t\t\t\t\t\t\t\t\t\t\t\t\t\t<img decoding=\"async\" width=\"145\" height=\"150\" src=\"https:\/\/gthr.pl\/wp-content\/uploads\/2025\/01\/Transaction.svg\" class=\"attachment-thumbnail size-thumbnail wp-image-646\" alt=\"\" \/>\t\t\t\t\t\t\t\t\t\t\t\t\t\t\t<\/div>\n\t\t\t\t<\/div>\n\t\t\t\t<div class=\"elementor-element elementor-element-4affd5f exad-sticky-section-no exad-glass-effect-no elementor-widget elementor-widget-heading\" data-id=\"4affd5f\" data-element_type=\"widget\" data-widget_type=\"heading.default\">\n\t\t\t\t<div class=\"elementor-widget-container\">\n\t\t\t\t\t<h2 class=\"elementor-heading-title elementor-size-default\">Og\u00f3lne warunki zakupu<\/h2>\t\t\t\t<\/div>\n\t\t\t\t<\/div>\n\t\t\t\t<\/div>\n\t\t\t\t\t<\/div>\n\t\t\t\t<\/div>\n\t\t<div class=\"elementor-element elementor-element-520a538 e-flex e-con-boxed wpr-particle-no wpr-jarallax-no wpr-parallax-no wpr-sticky-section-no e-con e-parent\" data-id=\"520a538\" data-element_type=\"container\" data-settings=\"{&quot;_ha_eqh_enable&quot;:false}\">\n\t\t\t\t\t<div class=\"e-con-inner\">\n\t\t<div class=\"elementor-element elementor-element-78559b9 e-con-full e-flex wpr-particle-no wpr-jarallax-no wpr-parallax-no wpr-sticky-section-no e-con e-child\" data-id=\"78559b9\" data-element_type=\"container\" data-settings=\"{&quot;_ha_eqh_enable&quot;:false}\">\n\t\t\t\t<div class=\"elementor-element elementor-element-6345824 exad-sticky-section-no exad-glass-effect-no elementor-widget elementor-widget-heading\" data-id=\"6345824\" data-element_type=\"widget\" data-widget_type=\"heading.default\">\n\t\t\t\t<div class=\"elementor-widget-container\">\n\t\t\t\t\t<h2 class=\"elementor-heading-title elementor-size-default\">OG\u00d3LNE WARUNKI ZAKUPU<\/h2>\t\t\t\t<\/div>\n\t\t\t\t<\/div>\n\t\t\t\t<div class=\"elementor-element elementor-element-c08ff83 exad-sticky-section-no exad-glass-effect-no elementor-invisible elementor-widget elementor-widget-heading\" data-id=\"c08ff83\" data-element_type=\"widget\" data-settings=\"{&quot;_animation&quot;:&quot;fadeIn&quot;}\" data-widget_type=\"heading.default\">\n\t\t\t\t<div class=\"elementor-widget-container\">\n\t\t\t\t\t<h2 class=\"elementor-heading-title elementor-size-default\">Zgodnie z dobr\u0105 praktyk\u0105 biznesow\u0105 i w celu zabezpieczenia interes\u00f3w wszystkich stron bior\u0105cych udzia\u0142 w procesach zakupowych Guotai-Huarong (Poland)\u00a0 sp. z o.o. dokonuje zakup\u00f3w na podstawie Og\u00f3lnych Warunk\u00f3w Zakupu. Dokument stanowi integraln\u0105 cz\u0119\u015b\u0107 ka\u017cdej transakcji i reguluje od strony prawa wszystkie zapisy, determinuj\u0105ce prawid\u0142owo przeprowadzony zakup.<\/h2>\t\t\t\t<\/div>\n\t\t\t\t<\/div>\n\t\t\t\t<div class=\"elementor-element elementor-element-833ebab exad-sticky-section-no exad-glass-effect-no elementor-invisible elementor-widget elementor-widget-heading\" data-id=\"833ebab\" data-element_type=\"widget\" data-settings=\"{&quot;_animation&quot;:&quot;fadeIn&quot;,&quot;_animation_delay&quot;:200}\" data-widget_type=\"heading.default\">\n\t\t\t\t<div class=\"elementor-widget-container\">\n\t\t\t\t\t<h2 class=\"elementor-heading-title elementor-size-default\">W Guotai-Huarong (Poland) sp. z o.o. stawiamy na jasno\u015b\u0107 prowadzonych relacji, rzetelno\u015b\u0107 informacyjn\u0105 i\u00a0szczer\u0105, dobr\u0105 wsp\u00f3\u0142prac\u0119, a naszym strategicznym celem jest spe\u0142nianie najwy\u017cszych wymaga\u0144 Klient\u00f3w i Partner\u00f3w biznesowych. Jako Sp\u00f3\u0142ka zobowi\u0105zujemy si\u0119 do spe\u0142nienia wymog\u00f3w zawartych w Og\u00f3lnych Warunkach Zakupu i samodoskonalenia skuteczno\u015bci prowadzenia tego rodzaju post\u0119powa\u0144.<\/h2>\t\t\t\t<\/div>\n\t\t\t\t<\/div>\n\t\t\t\t<\/div>\n\t\t\t\t\t<\/div>\n\t\t\t\t<\/div>\n\t\t<div class=\"elementor-element elementor-element-ee275a5 e-flex e-con-boxed wpr-particle-no wpr-jarallax-no wpr-parallax-no wpr-sticky-section-no e-con e-parent\" data-id=\"ee275a5\" data-element_type=\"container\" data-settings=\"{&quot;_ha_eqh_enable&quot;:false}\">\n\t\t\t\t\t<div class=\"e-con-inner\">\n\t\t\t\t<div class=\"elementor-element elementor-element-83896df exad-sticky-section-no exad-glass-effect-no elementor-widget elementor-widget-spacer\" data-id=\"83896df\" data-element_type=\"widget\" data-widget_type=\"spacer.default\">\n\t\t\t\t<div class=\"elementor-widget-container\">\n\t\t\t\t\t\t\t<div class=\"elementor-spacer\">\n\t\t\t<div class=\"elementor-spacer-inner\"><\/div>\n\t\t<\/div>\n\t\t\t\t\t\t<\/div>\n\t\t\t\t<\/div>\n\t\t<div class=\"elementor-element elementor-element-c3babba e-con-full e-flex wpr-particle-no wpr-jarallax-no wpr-parallax-no wpr-sticky-section-no e-con e-child\" data-id=\"c3babba\" data-element_type=\"container\" data-settings=\"{&quot;_ha_eqh_enable&quot;:false}\">\n\t\t\t\t<div class=\"elementor-element elementor-element-45aab25 exad-sticky-section-no exad-glass-effect-no elementor-widget elementor-widget-heading\" data-id=\"45aab25\" data-element_type=\"widget\" data-widget_type=\"heading.default\">\n\t\t\t\t<div class=\"elementor-widget-container\">\n\t\t\t\t\t<h2 class=\"elementor-heading-title elementor-size-default\">Za\u0142\u0105czniki<\/h2>\t\t\t\t<\/div>\n\t\t\t\t<\/div>\n\t\t<div class=\"elementor-element elementor-element-805d950 e-con-full e-flex wpr-particle-no wpr-jarallax-no wpr-parallax-no wpr-sticky-section-no elementor-invisible e-con e-child\" data-id=\"805d950\" data-element_type=\"container\" data-settings=\"{&quot;animation&quot;:&quot;fadeIn&quot;,&quot;_ha_eqh_enable&quot;:false}\">\n\t\t\t\t<div class=\"elementor-element elementor-element-f31b404 exad-sticky-section-no exad-glass-effect-no elementor-widget elementor-widget-image\" data-id=\"f31b404\" data-element_type=\"widget\" data-widget_type=\"image.default\">\n\t\t\t\t<div class=\"elementor-widget-container\">\n\t\t\t\t\t\t\t\t\t\t\t\t\t\t\t<img fetchpriority=\"high\" decoding=\"async\" width=\"826\" height=\"1024\" src=\"https:\/\/gthr.pl\/wp-content\/uploads\/2025\/01\/document.svg\" class=\"attachment-large size-large wp-image-613\" alt=\"\" \/>\t\t\t\t\t\t\t\t\t\t\t\t\t\t\t<\/div>\n\t\t\t\t<\/div>\n\t\t<div class=\"elementor-element elementor-element-de2d415 e-con-full e-flex wpr-particle-no wpr-jarallax-no wpr-parallax-no wpr-sticky-section-no e-con e-child\" data-id=\"de2d415\" data-element_type=\"container\" data-settings=\"{&quot;_ha_eqh_enable&quot;:false}\">\n\t\t<div class=\"elementor-element elementor-element-a8d75bc e-con-full e-flex wpr-particle-no wpr-jarallax-no wpr-parallax-no wpr-sticky-section-no e-con e-child\" data-id=\"a8d75bc\" data-element_type=\"container\" data-settings=\"{&quot;_ha_eqh_enable&quot;:false}\">\n\t\t\t\t<div class=\"elementor-element elementor-element-482c98c exad-sticky-section-no exad-glass-effect-no elementor-widget elementor-widget-heading\" data-id=\"482c98c\" data-element_type=\"widget\" data-widget_type=\"heading.default\">\n\t\t\t\t<div class=\"elementor-widget-container\">\n\t\t\t\t\t<h2 class=\"elementor-heading-title elementor-size-default\">Og\u00f3lne warunki zakupu - PL<\/h2>\t\t\t\t<\/div>\n\t\t\t\t<\/div>\n\t\t\t\t<div class=\"elementor-element elementor-element-65d043e exad-sticky-section-no exad-glass-effect-no elementor-widget elementor-widget-heading\" data-id=\"65d043e\" data-element_type=\"widget\" data-widget_type=\"heading.default\">\n\t\t\t\t<div class=\"elementor-widget-container\">\n\t\t\t\t\t<h2 class=\"elementor-heading-title elementor-size-default\">07.01.2026<\/h2>\t\t\t\t<\/div>\n\t\t\t\t<\/div>\n\t\t\t\t<\/div>\n\t\t<a class=\"elementor-element elementor-element-975316b e-con-full e-flex wpr-particle-no wpr-jarallax-no wpr-parallax-no wpr-sticky-section-no e-con e-child\" data-id=\"975316b\" data-element_type=\"container\" data-settings=\"{&quot;_ha_eqh_enable&quot;:false}\">\n\t\t\t\t<div class=\"elementor-element elementor-element-dac901b exad-sticky-section-no exad-glass-effect-no elementor-widget elementor-widget-image\" data-id=\"dac901b\" data-element_type=\"widget\" data-widget_type=\"image.default\">\n\t\t\t\t<div class=\"elementor-widget-container\">\n\t\t\t\t\t\t\t\t\t\t\t\t\t\t\t<img decoding=\"async\" width=\"966\" height=\"1024\" src=\"https:\/\/gthr.pl\/wp-content\/uploads\/2025\/01\/download.svg\" class=\"attachment-large size-large wp-image-614\" alt=\"\" \/>\t\t\t\t\t\t\t\t\t\t\t\t\t\t\t<\/div>\n\t\t\t\t<\/div>\n\t\t\t\t<div data-ha-element-link=\"{&quot;url&quot;:&quot;https:\\\/\\\/gthr.pl\\\/wp-content\\\/uploads\\\/2025\\\/02\\\/PL-R-04-OWZ.pdf&quot;,&quot;is_external&quot;:&quot;on&quot;,&quot;nofollow&quot;:&quot;&quot;}\" style=\"cursor: pointer\" class=\"elementor-element elementor-element-1b726a3 custom-pointer custom-bright exad-sticky-section-no exad-glass-effect-no elementor-widget elementor-widget-heading\" data-id=\"1b726a3\" data-element_type=\"widget\" data-widget_type=\"heading.default\">\n\t\t\t\t<div class=\"elementor-widget-container\">\n\t\t\t\t\t<h2 class=\"elementor-heading-title elementor-size-default\">Pobierz<\/h2>\t\t\t\t<\/div>\n\t\t\t\t<\/div>\n\t\t\t\t<\/a>\n\t\t\t\t<\/div>\n\t\t\t\t<\/div>\n\t\t\t\t<\/div>\n\t\t\t\t\t<\/div>\n\t\t\t\t<\/div>\n\t\t<div class=\"elementor-element elementor-element-cd7486d e-flex e-con-boxed wpr-particle-no wpr-jarallax-no wpr-parallax-no wpr-sticky-section-no e-con e-parent\" data-id=\"cd7486d\" data-element_type=\"container\" data-settings=\"{&quot;_ha_eqh_enable&quot;:false}\">\n\t\t\t\t\t<div class=\"e-con-inner\">\n\t\t<div class=\"elementor-element elementor-element-c763741 e-con-full e-flex wpr-particle-no wpr-jarallax-no wpr-parallax-no wpr-sticky-section-no e-con e-child\" data-id=\"c763741\" data-element_type=\"container\" data-settings=\"{&quot;_ha_eqh_enable&quot;:false}\">\n\t\t<div class=\"elementor-element elementor-element-96be6aa e-con-full e-flex wpr-particle-no wpr-jarallax-no wpr-parallax-no wpr-sticky-section-no elementor-invisible e-con e-child\" data-id=\"96be6aa\" data-element_type=\"container\" data-settings=\"{&quot;animation&quot;:&quot;fadeIn&quot;,&quot;_ha_eqh_enable&quot;:false}\">\n\t\t\t\t<div class=\"elementor-element elementor-element-4ca16bb exad-sticky-section-no exad-glass-effect-no elementor-widget elementor-widget-image\" data-id=\"4ca16bb\" data-element_type=\"widget\" data-widget_type=\"image.default\">\n\t\t\t\t<div class=\"elementor-widget-container\">\n\t\t\t\t\t\t\t\t\t\t\t\t\t\t\t<img fetchpriority=\"high\" decoding=\"async\" width=\"826\" height=\"1024\" src=\"https:\/\/gthr.pl\/wp-content\/uploads\/2025\/01\/document.svg\" class=\"attachment-large size-large wp-image-613\" alt=\"\" \/>\t\t\t\t\t\t\t\t\t\t\t\t\t\t\t<\/div>\n\t\t\t\t<\/div>\n\t\t<div class=\"elementor-element elementor-element-b6c7f4d e-con-full e-flex wpr-particle-no wpr-jarallax-no wpr-parallax-no wpr-sticky-section-no e-con e-child\" data-id=\"b6c7f4d\" data-element_type=\"container\" data-settings=\"{&quot;_ha_eqh_enable&quot;:false}\">\n\t\t<div class=\"elementor-element elementor-element-7912bf0 e-con-full e-flex wpr-particle-no wpr-jarallax-no wpr-parallax-no wpr-sticky-section-no e-con e-child\" data-id=\"7912bf0\" data-element_type=\"container\" data-settings=\"{&quot;_ha_eqh_enable&quot;:false}\">\n\t\t\t\t<div class=\"elementor-element elementor-element-8a53348 exad-sticky-section-no exad-glass-effect-no elementor-widget elementor-widget-heading\" data-id=\"8a53348\" data-element_type=\"widget\" data-widget_type=\"heading.default\">\n\t\t\t\t<div class=\"elementor-widget-container\">\n\t\t\t\t\t<h2 class=\"elementor-heading-title elementor-size-default\">Og\u00f3lne warunki zakupu - EN<\/h2>\t\t\t\t<\/div>\n\t\t\t\t<\/div>\n\t\t\t\t<div class=\"elementor-element elementor-element-a54092a exad-sticky-section-no exad-glass-effect-no elementor-widget elementor-widget-heading\" data-id=\"a54092a\" data-element_type=\"widget\" data-widget_type=\"heading.default\">\n\t\t\t\t<div class=\"elementor-widget-container\">\n\t\t\t\t\t<h2 class=\"elementor-heading-title elementor-size-default\">07.01.2026<\/h2>\t\t\t\t<\/div>\n\t\t\t\t<\/div>\n\t\t\t\t<\/div>\n\t\t<a class=\"elementor-element elementor-element-37543a3 e-con-full e-flex wpr-particle-no wpr-jarallax-no wpr-parallax-no wpr-sticky-section-no e-con e-child\" data-id=\"37543a3\" data-element_type=\"container\" data-settings=\"{&quot;_ha_eqh_enable&quot;:false}\">\n\t\t\t\t<div class=\"elementor-element elementor-element-13cbeb0 exad-sticky-section-no exad-glass-effect-no elementor-widget elementor-widget-image\" data-id=\"13cbeb0\" data-element_type=\"widget\" data-widget_type=\"image.default\">\n\t\t\t\t<div class=\"elementor-widget-container\">\n\t\t\t\t\t\t\t\t\t\t\t\t\t\t\t<img decoding=\"async\" width=\"966\" height=\"1024\" src=\"https:\/\/gthr.pl\/wp-content\/uploads\/2025\/01\/download.svg\" class=\"attachment-large size-large wp-image-614\" alt=\"\" \/>\t\t\t\t\t\t\t\t\t\t\t\t\t\t\t<\/div>\n\t\t\t\t<\/div>\n\t\t\t\t<div data-ha-element-link=\"{&quot;url&quot;:&quot;https:\\\/\\\/gthr.pl\\\/wp-content\\\/uploads\\\/2026\\\/01\\\/PL-R-04-GPC.pdf&quot;,&quot;is_external&quot;:&quot;on&quot;,&quot;nofollow&quot;:&quot;&quot;}\" style=\"cursor: pointer\" class=\"elementor-element elementor-element-bb32213 custom-pointer custom-bright exad-sticky-section-no exad-glass-effect-no elementor-widget elementor-widget-heading\" data-id=\"bb32213\" data-element_type=\"widget\" data-widget_type=\"heading.default\">\n\t\t\t\t<div class=\"elementor-widget-container\">\n\t\t\t\t\t<h2 class=\"elementor-heading-title elementor-size-default\">Pobierz<\/h2>\t\t\t\t<\/div>\n\t\t\t\t<\/div>\n\t\t\t\t<\/a>\n\t\t\t\t<\/div>\n\t\t\t\t<\/div>\n\t\t\t\t<\/div>\n\t\t\t\t\t<\/div>\n\t\t\t\t<\/div>\n\t\t<div class=\"elementor-element elementor-element-bc26174 e-flex e-con-boxed wpr-particle-no wpr-jarallax-no wpr-parallax-no wpr-sticky-section-no e-con e-parent\" data-id=\"bc26174\" data-element_type=\"container\" data-settings=\"{&quot;_ha_eqh_enable&quot;:false}\">\n\t\t\t\t\t<div class=\"e-con-inner\">\n\t\t\t\t<div class=\"elementor-element elementor-element-fe97736 exad-sticky-section-no exad-glass-effect-no elementor-widget elementor-widget-spacer\" data-id=\"fe97736\" data-element_type=\"widget\" data-widget_type=\"spacer.default\">\n\t\t\t\t<div class=\"elementor-widget-container\">\n\t\t\t\t\t\t\t<div class=\"elementor-spacer\">\n\t\t\t<div class=\"elementor-spacer-inner\"><\/div>\n\t\t<\/div>\n\t\t\t\t\t\t<\/div>\n\t\t\t\t<\/div>\n\t\t\t\t\t<\/div>\n\t\t\t\t<\/div>\n\t\t\t\t<\/div>\n\t\t","protected":false},"excerpt":{"rendered":"<p>Og\u00f3lne warunki zakupu OG\u00d3LNE WARUNKI ZAKUPU Zgodnie z dobr\u0105 praktyk\u0105 biznesow\u0105 i w celu zabezpieczenia interes\u00f3w wszystkich stron bior\u0105cych udzia\u0142 w procesach zakupowych Guotai-Huarong (Poland)\u00a0 sp. z o.o. dokonuje zakup\u00f3w na podstawie Og\u00f3lnych Warunk\u00f3w Zakupu. Dokument stanowi integraln\u0105 cz\u0119\u015b\u0107 ka\u017cdej transakcji i reguluje od strony prawa wszystkie zapisy, determinuj\u0105ce prawid\u0142owo przeprowadzony zakup. W Guotai-Huarong (Poland) sp. z o.o. stawiamy na jasno\u015b\u0107 prowadzonych relacji, rzetelno\u015b\u0107 informacyjn\u0105 i\u00a0szczer\u0105, dobr\u0105 wsp\u00f3\u0142prac\u0119, a naszym strategicznym celem jest spe\u0142nianie najwy\u017cszych wymaga\u0144 Klient\u00f3w i Partner\u00f3w biznesowych. Jako Sp\u00f3\u0142ka zobowi\u0105zujemy si\u0119 do spe\u0142nienia wymog\u00f3w zawartych w Og\u00f3lnych Warunkach Zakupu i samodoskonalenia skuteczno\u015bci prowadzenia tego rodzaju post\u0119powa\u0144. Za\u0142\u0105czniki Og\u00f3lne warunki zakupu &#8211; PL 07.01.2026 Pobierz Og\u00f3lne warunki zakupu &#8211; EN 07.01.2026 Pobierz<\/p>\n","protected":false},"author":1,"featured_media":0,"parent":0,"menu_order":0,"comment_status":"closed","ping_status":"closed","template":"","meta":{"_eb_attr":"","inline_featured_image":false,"footnotes":""},"class_list":["post-644","page","type-page","status-publish","hentry"],"_links":{"self":[{"href":"https:\/\/gthr.pl\/pl\/wp-json\/wp\/v2\/pages\/644","targetHints":{"allow":["GET"]}}],"collection":[{"href":"https:\/\/gthr.pl\/pl\/wp-json\/wp\/v2\/pages"}],"about":[{"href":"https:\/\/gthr.pl\/pl\/wp-json\/wp\/v2\/types\/page"}],"author":[{"embeddable":true,"href":"https:\/\/gthr.pl\/pl\/wp-json\/wp\/v2\/users\/1"}],"replies":[{"embeddable":true,"href":"https:\/\/gthr.pl\/pl\/wp-json\/wp\/v2\/comments?post=644"}],"version-history":[{"count":95,"href":"https:\/\/gthr.pl\/pl\/wp-json\/wp\/v2\/pages\/644\/revisions"}],"predecessor-version":[{"id":6465,"href":"https:\/\/gthr.pl\/pl\/wp-json\/wp\/v2\/pages\/644\/revisions\/6465"}],"wp:attachment":[{"href":"https:\/\/gthr.pl\/pl\/wp-json\/wp\/v2\/media?parent=644"}],"curies":[{"name":"wp","href":"https:\/\/api.w.org\/{rel}","templated":true}]}}