{"id":6222,"date":"2025-06-13T04:45:29","date_gmt":"2025-06-13T04:45:29","guid":{"rendered":"https:\/\/gthr.pl\/?page_id=6222"},"modified":"2025-06-13T05:01:21","modified_gmt":"2025-06-13T05:01:21","slug":"oferta-pracy-inspektor-kontroli-jakosci","status":"publish","type":"page","link":"https:\/\/gthr.pl\/pl\/oferta-pracy-inspektor-kontroli-jakosci\/","title":{"rendered":"Oferta pracy &#8211; Inspektor kontroli jako\u015bci"},"content":{"rendered":"\t\t<div data-elementor-type=\"wp-page\" data-elementor-id=\"6222\" class=\"elementor elementor-6222\" data-elementor-settings=\"{&quot;ha_cmc_init_switcher&quot;:&quot;no&quot;}\">\n\t\t\t\t<div class=\"elementor-element elementor-element-4ecae2d e-flex e-con-boxed wpr-particle-no wpr-jarallax-no wpr-parallax-no wpr-sticky-section-no e-con e-parent\" data-id=\"4ecae2d\" data-element_type=\"container\" data-settings=\"{&quot;_ha_eqh_enable&quot;:false}\">\n\t\t\t\t\t<div class=\"e-con-inner\">\n\t\t\t\t<div class=\"elementor-element elementor-element-c8d59af exad-sticky-section-no exad-glass-effect-no elementor-widget elementor-widget-spacer\" data-id=\"c8d59af\" data-element_type=\"widget\" data-widget_type=\"spacer.default\">\n\t\t\t\t<div class=\"elementor-widget-container\">\n\t\t\t\t\t\t\t<div class=\"elementor-spacer\">\n\t\t\t<div class=\"elementor-spacer-inner\"><\/div>\n\t\t<\/div>\n\t\t\t\t\t\t<\/div>\n\t\t\t\t<\/div>\n\t\t<div class=\"elementor-element elementor-element-d8ec16f e-con-full e-flex wpr-particle-no wpr-jarallax-no wpr-parallax-no wpr-sticky-section-no e-con e-child\" data-id=\"d8ec16f\" data-element_type=\"container\" data-settings=\"{&quot;_ha_eqh_enable&quot;:false}\">\n\t\t\t\t<div class=\"elementor-element elementor-element-6b82065 exad-sticky-section-no exad-glass-effect-no elementor-widget elementor-widget-image\" data-id=\"6b82065\" data-element_type=\"widget\" data-widget_type=\"image.default\">\n\t\t\t\t<div class=\"elementor-widget-container\">\n\t\t\t\t\t\t\t\t\t\t\t\t\t\t\t<img decoding=\"async\" width=\"119\" height=\"150\" src=\"https:\/\/gthr.pl\/wp-content\/uploads\/2025\/01\/CV-1.svg\" class=\"attachment-thumbnail size-thumbnail wp-image-2624\" alt=\"\" \/>\t\t\t\t\t\t\t\t\t\t\t\t\t\t\t<\/div>\n\t\t\t\t<\/div>\n\t\t\t\t<div class=\"elementor-element elementor-element-4affd5f exad-sticky-section-no exad-glass-effect-no elementor-widget elementor-widget-heading\" data-id=\"4affd5f\" data-element_type=\"widget\" data-widget_type=\"heading.default\">\n\t\t\t\t<div class=\"elementor-widget-container\">\n\t\t\t\t\t<h2 class=\"elementor-heading-title elementor-size-default\">Inspektor kontroli jako\u015bci<\/h2>\t\t\t\t<\/div>\n\t\t\t\t<\/div>\n\t\t\t\t<\/div>\n\t\t\t\t\t<\/div>\n\t\t\t\t<\/div>\n\t\t<div class=\"elementor-element elementor-element-520a538 e-flex e-con-boxed wpr-particle-no wpr-jarallax-no wpr-parallax-no wpr-sticky-section-no e-con e-parent\" data-id=\"520a538\" data-element_type=\"container\" data-settings=\"{&quot;_ha_eqh_enable&quot;:false}\">\n\t\t\t\t\t<div class=\"e-con-inner\">\n\t\t\t\t<div class=\"elementor-element elementor-element-22835fe exad-sticky-section-no exad-glass-effect-no elementor-widget elementor-widget-spacer\" data-id=\"22835fe\" data-element_type=\"widget\" data-widget_type=\"spacer.default\">\n\t\t\t\t<div class=\"elementor-widget-container\">\n\t\t\t\t\t\t\t<div class=\"elementor-spacer\">\n\t\t\t<div class=\"elementor-spacer-inner\"><\/div>\n\t\t<\/div>\n\t\t\t\t\t\t<\/div>\n\t\t\t\t<\/div>\n\t\t<div class=\"elementor-element elementor-element-78559b9 e-con-full e-flex wpr-particle-no wpr-jarallax-no wpr-parallax-no wpr-sticky-section-no e-con e-child\" data-id=\"78559b9\" data-element_type=\"container\" data-settings=\"{&quot;_ha_eqh_enable&quot;:false}\">\n\t\t\t\t<div class=\"elementor-element elementor-element-c3908c2 exad-sticky-section-no exad-glass-effect-no elementor-widget elementor-widget-heading\" data-id=\"c3908c2\" data-element_type=\"widget\" data-widget_type=\"heading.default\">\n\t\t\t\t<div class=\"elementor-widget-container\">\n\t\t\t\t\t<h2 class=\"elementor-heading-title elementor-size-default\">Zakres obowi\u0105zk\u00f3w:<\/h2>\t\t\t\t<\/div>\n\t\t\t\t<\/div>\n\t\t<div class=\"elementor-element elementor-element-0e5d23a e-con-full e-flex wpr-particle-no wpr-jarallax-no wpr-parallax-no wpr-sticky-section-no e-con e-child\" data-id=\"0e5d23a\" data-element_type=\"container\" data-settings=\"{&quot;_ha_eqh_enable&quot;:false}\">\n\t\t<div class=\"elementor-element elementor-element-4a50cae e-con-full e-flex wpr-particle-no wpr-jarallax-no wpr-parallax-no wpr-sticky-section-no e-con e-child\" data-id=\"4a50cae\" data-element_type=\"container\" data-settings=\"{&quot;_ha_eqh_enable&quot;:false}\">\n\t\t\t\t<div class=\"elementor-element elementor-element-ee10780 exad-sticky-section-no exad-glass-effect-no elementor-widget elementor-widget-text-editor\" data-id=\"ee10780\" data-element_type=\"widget\" data-widget_type=\"text-editor.default\">\n\t\t\t\t<div class=\"elementor-widget-container\">\n\t\t\t\t\t\t\t\t\t<ul class=\"cmjq3hn\" data-test=\"aggregate-bullet-model\"><li class=\"tkzmjn3\">przeprowadzanie analizy instrumentalnej oraz chemicznej surowc\u00f3w, p\u00f3\u0142produkt\u00f3w i wyrobu gotowego,<\/li><li class=\"tkzmjn3\">przygotowywanie wynik\u00f3w analiz do dalszej analizy danych,<\/li><li class=\"tkzmjn3\">weryfikacja danych, stwierdzanie niepoprawnie wykonanych analiz oraz ustalanie ich \u017ar\u00f3de\u0142,<\/li><li class=\"tkzmjn3\">kalibracja i konserwacja aparatury kontrolno-pomiarowej oraz przygotowanie odczynnik\u00f3w do analiz,<\/li><li class=\"tkzmjn3\">zg\u0142aszanie materia\u0142\u00f3w niezgodnych w dedykowanym systemie, analiza niezgodno\u015bci,<\/li><li class=\"tkzmjn3\">tworzenie certyfikat\u00f3w dla wyrobu gotowego zgodnie z wymaganiami klienta,<\/li><li class=\"tkzmjn3\">przygotowywanie pr\u00f3bek do analiz, pr\u00f3b archiwalnych,<\/li><li class=\"tkzmjn3\">tworzenie etykiet dla wyrobu gotowego, zapewnienie identyfikowalno\u015bci materia\u0142\u00f3w,<\/li><li class=\"tkzmjn3\">tworzenie certyfikat\u00f3w jako\u015bci dla klienta,<\/li><li class=\"tkzmjn3\">udzia\u0142 w ustalaniu \u017ar\u00f3d\u0142a niezgodno\u015bci (analiza RCA)<\/li><\/ul>\t\t\t\t\t\t\t\t<\/div>\n\t\t\t\t<\/div>\n\t\t\t\t<\/div>\n\t\t\t\t<\/div>\n\t\t\t\t<div class=\"elementor-element elementor-element-6d83396 exad-sticky-section-no exad-glass-effect-no elementor-widget elementor-widget-spacer\" data-id=\"6d83396\" data-element_type=\"widget\" data-widget_type=\"spacer.default\">\n\t\t\t\t<div class=\"elementor-widget-container\">\n\t\t\t\t\t\t\t<div class=\"elementor-spacer\">\n\t\t\t<div class=\"elementor-spacer-inner\"><\/div>\n\t\t<\/div>\n\t\t\t\t\t\t<\/div>\n\t\t\t\t<\/div>\n\t\t\t\t<\/div>\n\t\t<div class=\"elementor-element elementor-element-02a1adf e-con-full e-flex wpr-particle-no wpr-jarallax-no wpr-parallax-no wpr-sticky-section-no e-con e-child\" data-id=\"02a1adf\" data-element_type=\"container\" data-settings=\"{&quot;_ha_eqh_enable&quot;:false}\">\n\t\t\t\t<div class=\"elementor-element elementor-element-2240076 exad-sticky-section-no exad-glass-effect-no elementor-widget elementor-widget-heading\" data-id=\"2240076\" data-element_type=\"widget\" data-widget_type=\"heading.default\">\n\t\t\t\t<div class=\"elementor-widget-container\">\n\t\t\t\t\t<h2 class=\"elementor-heading-title elementor-size-default\">Wymagania:<\/h2>\t\t\t\t<\/div>\n\t\t\t\t<\/div>\n\t\t<div class=\"elementor-element elementor-element-02e58a4 e-con-full e-flex wpr-particle-no wpr-jarallax-no wpr-parallax-no wpr-sticky-section-no e-con e-child\" data-id=\"02e58a4\" data-element_type=\"container\" data-settings=\"{&quot;_ha_eqh_enable&quot;:false}\">\n\t\t<div class=\"elementor-element elementor-element-134f6e6 e-con-full e-flex wpr-particle-no wpr-jarallax-no wpr-parallax-no wpr-sticky-section-no e-con e-child\" data-id=\"134f6e6\" data-element_type=\"container\" data-settings=\"{&quot;_ha_eqh_enable&quot;:false}\">\n\t\t\t\t<div class=\"elementor-element elementor-element-d7c88c0 exad-sticky-section-no exad-glass-effect-no elementor-widget elementor-widget-text-editor\" data-id=\"d7c88c0\" data-element_type=\"widget\" data-widget_type=\"text-editor.default\">\n\t\t\t\t<div class=\"elementor-widget-container\">\n\t\t\t\t\t\t\t\t\t<ul class=\"cmjq3hn\" data-test=\"aggregate-bullet-model\"><li class=\"tkzmjn3\">wykszta\u0142cenie wy\u017csze chemiczne lub pokrewne,<\/li><li class=\"tkzmjn3\">do\u015bwiadczenie w pracy w laboratorium chemicznym,<\/li><li class=\"tkzmjn3\">znajomo\u015b\u0107 obs\u0142ugi sprz\u0119t\u00f3w laboratoryjnych,<\/li><li class=\"tkzmjn3\">znajomo\u015b\u0107 j\u0119zyka angielskiego na poziomie umo\u017cliwiaj\u0105cym swobodn\u0105 komunikacj\u0119,<\/li><li class=\"tkzmjn3\">gotowo\u015b\u0107 do zmiany w systemie 2-zmianowym (docelowo w 4-brygadowym).<\/li><\/ul>\t\t\t\t\t\t\t\t<\/div>\n\t\t\t\t<\/div>\n\t\t\t\t<\/div>\n\t\t\t\t<\/div>\n\t\t\t\t<div class=\"elementor-element elementor-element-123cfa3 exad-sticky-section-no exad-glass-effect-no elementor-widget elementor-widget-spacer\" data-id=\"123cfa3\" data-element_type=\"widget\" data-widget_type=\"spacer.default\">\n\t\t\t\t<div class=\"elementor-widget-container\">\n\t\t\t\t\t\t\t<div class=\"elementor-spacer\">\n\t\t\t<div class=\"elementor-spacer-inner\"><\/div>\n\t\t<\/div>\n\t\t\t\t\t\t<\/div>\n\t\t\t\t<\/div>\n\t\t\t\t<\/div>\n\t\t<div class=\"elementor-element elementor-element-9d7a8f9 e-con-full e-flex wpr-particle-no wpr-jarallax-no wpr-parallax-no wpr-sticky-section-no e-con e-child\" data-id=\"9d7a8f9\" data-element_type=\"container\" data-settings=\"{&quot;_ha_eqh_enable&quot;:false}\">\n\t\t\t\t<div class=\"elementor-element elementor-element-43b521a exad-sticky-section-no exad-glass-effect-no elementor-widget elementor-widget-heading\" data-id=\"43b521a\" data-element_type=\"widget\" data-widget_type=\"heading.default\">\n\t\t\t\t<div class=\"elementor-widget-container\">\n\t\t\t\t\t<h2 class=\"elementor-heading-title elementor-size-default\">Oferujemy:<\/h2>\t\t\t\t<\/div>\n\t\t\t\t<\/div>\n\t\t<div class=\"elementor-element elementor-element-d704a41 e-con-full e-flex wpr-particle-no wpr-jarallax-no wpr-parallax-no wpr-sticky-section-no e-con e-child\" data-id=\"d704a41\" data-element_type=\"container\" data-settings=\"{&quot;_ha_eqh_enable&quot;:false}\">\n\t\t<div class=\"elementor-element elementor-element-fc840ed e-con-full e-flex wpr-particle-no wpr-jarallax-no wpr-parallax-no wpr-sticky-section-no e-con e-child\" data-id=\"fc840ed\" data-element_type=\"container\" data-settings=\"{&quot;_ha_eqh_enable&quot;:false}\">\n\t\t\t\t<div class=\"elementor-element elementor-element-351ee2e exad-sticky-section-no exad-glass-effect-no elementor-widget elementor-widget-text-editor\" data-id=\"351ee2e\" data-element_type=\"widget\" data-widget_type=\"text-editor.default\">\n\t\t\t\t<div class=\"elementor-widget-container\">\n\t\t\t\t\t\t\t\t\t<ul><li><ul><li><ul class=\"cmjq3hn\"><li class=\"tkzmjn3\">stabilne zatrudnienie w firmie o chi\u0144skich korzeniach i filozofii,<\/li><li class=\"tkzmjn3\">prac\u0119 w nowoczesnym laboratorium,<\/li><li class=\"tkzmjn3\">dofinansowanie do karty Multisport, prywatnej opieki medycznej,<\/li><\/ul><ul class=\"cmjq3hn\"><li class=\"tkzmjn3\">ubezpieczenie na \u017cycie,<\/li><li class=\"tkzmjn3\">dofinansowanie do posi\u0142k\u00f3w.<\/li><li class=\"tkzmjn3\">Zak\u0142adowy Fundusz \u015awiadcze\u0144 Socjalnych.<\/li><\/ul><\/li><\/ul><\/li><\/ul>\t\t\t\t\t\t\t\t<\/div>\n\t\t\t\t<\/div>\n\t\t\t\t<\/div>\n\t\t\t\t<\/div>\n\t\t\t\t<div class=\"elementor-element elementor-element-18f47a0 exad-sticky-section-no exad-glass-effect-no elementor-widget elementor-widget-spacer\" data-id=\"18f47a0\" data-element_type=\"widget\" data-widget_type=\"spacer.default\">\n\t\t\t\t<div class=\"elementor-widget-container\">\n\t\t\t\t\t\t\t<div class=\"elementor-spacer\">\n\t\t\t<div class=\"elementor-spacer-inner\"><\/div>\n\t\t<\/div>\n\t\t\t\t\t\t<\/div>\n\t\t\t\t<\/div>\n\t\t\t\t<\/div>\n\t\t\t\t\t<\/div>\n\t\t\t\t<\/div>\n\t\t<div class=\"elementor-element elementor-element-c35a2f6 e-flex e-con-boxed wpr-particle-no wpr-jarallax-no wpr-parallax-no wpr-sticky-section-no e-con e-parent\" data-id=\"c35a2f6\" data-element_type=\"container\" data-settings=\"{&quot;_ha_eqh_enable&quot;:false}\">\n\t\t\t\t\t<div class=\"e-con-inner\">\n\t\t<div class=\"elementor-element elementor-element-ef9e5a7 e-con-full e-flex wpr-particle-no wpr-jarallax-no wpr-parallax-no wpr-sticky-section-no e-con e-child\" data-id=\"ef9e5a7\" data-element_type=\"container\" data-settings=\"{&quot;_ha_eqh_enable&quot;:false}\">\n\t\t\t\t<div class=\"elementor-element elementor-element-89c9926 exad-sticky-section-no exad-glass-effect-no elementor-widget elementor-widget-heading\" data-id=\"89c9926\" data-element_type=\"widget\" data-widget_type=\"heading.default\">\n\t\t\t\t<div class=\"elementor-widget-container\">\n\t\t\t\t\t<h2 class=\"elementor-heading-title elementor-size-default\">Osoby zainteresowane prosimy o przes\u0142anie CV na adres<\/h2>\t\t\t\t<\/div>\n\t\t\t\t<\/div>\n\t\t\t\t<div class=\"elementor-element elementor-element-1807b32 exad-sticky-section-no exad-glass-effect-no elementor-widget elementor-widget-heading\" data-id=\"1807b32\" data-element_type=\"widget\" data-widget_type=\"heading.default\">\n\t\t\t\t<div class=\"elementor-widget-container\">\n\t\t\t\t\t<h2 class=\"elementor-heading-title elementor-size-default\">praca@gthr.pl<\/h2>\t\t\t\t<\/div>\n\t\t\t\t<\/div>\n\t\t\t\t<\/div>\n\t\t\t\t\t<\/div>\n\t\t\t\t<\/div>\n\t\t<div class=\"elementor-element elementor-element-8069679 e-flex e-con-boxed wpr-particle-no wpr-jarallax-no wpr-parallax-no wpr-sticky-section-no e-con e-parent\" data-id=\"8069679\" data-element_type=\"container\" data-settings=\"{&quot;_ha_eqh_enable&quot;:false}\">\n\t\t\t\t\t<div class=\"e-con-inner\">\n\t\t\t\t<div class=\"elementor-element elementor-element-2991c4a exad-sticky-section-no exad-glass-effect-no elementor-widget elementor-widget-spacer\" data-id=\"2991c4a\" data-element_type=\"widget\" data-widget_type=\"spacer.default\">\n\t\t\t\t<div class=\"elementor-widget-container\">\n\t\t\t\t\t\t\t<div class=\"elementor-spacer\">\n\t\t\t<div class=\"elementor-spacer-inner\"><\/div>\n\t\t<\/div>\n\t\t\t\t\t\t<\/div>\n\t\t\t\t<\/div>\n\t\t\t\t\t<\/div>\n\t\t\t\t<\/div>\n\t\t<div class=\"elementor-element elementor-element-f1fe974 e-flex e-con-boxed wpr-particle-no wpr-jarallax-no wpr-parallax-no wpr-sticky-section-no e-con e-parent\" data-id=\"f1fe974\" data-element_type=\"container\" data-settings=\"{&quot;_ha_eqh_enable&quot;:false}\">\n\t\t\t\t\t<div class=\"e-con-inner\">\n\t\t<div class=\"elementor-element elementor-element-cc527af e-con-full e-flex wpr-particle-no wpr-jarallax-no wpr-parallax-no wpr-sticky-section-no e-con e-child\" data-id=\"cc527af\" data-element_type=\"container\" data-settings=\"{&quot;_ha_eqh_enable&quot;:false}\">\n\t\t<div class=\"elementor-element elementor-element-aa90cfe e-con-full e-flex wpr-particle-no wpr-jarallax-no wpr-parallax-no wpr-sticky-section-no e-con e-child\" data-id=\"aa90cfe\" data-element_type=\"container\" data-settings=\"{&quot;_ha_eqh_enable&quot;:false}\">\n\t\t\t\t<div class=\"elementor-element elementor-element-8e0cc24 exad-sticky-section-no exad-glass-effect-no elementor-widget elementor-widget-heading\" data-id=\"8e0cc24\" data-element_type=\"widget\" data-widget_type=\"heading.default\">\n\t\t\t\t<div class=\"elementor-widget-container\">\n\t\t\t\t\t<h2 class=\"elementor-heading-title elementor-size-default\">Je\u017celi podajesz nam dodatkowe dane, kt\u00f3rych udost\u0119pnienie nie jest wymagane na podstawie przepis\u00f3w prawa (np. zamieszczasz w CV swoje zdj\u0119cie), prosimy o dopisanie klauzuli:\n<\/h2>\t\t\t\t<\/div>\n\t\t\t\t<\/div>\n\t\t\t\t<div class=\"elementor-element elementor-element-642bda4 exad-sticky-section-no exad-glass-effect-no elementor-widget elementor-widget-heading\" data-id=\"642bda4\" data-element_type=\"widget\" data-widget_type=\"heading.default\">\n\t\t\t\t<div class=\"elementor-widget-container\">\n\t\t\t\t\t<h2 class=\"elementor-heading-title elementor-size-default\">\u201eWyra\u017cam zgod\u0119 na przetwarzanie moich danych osobowych zawartych w dokumentach rekrutacyjnych w zakresie przekraczaj\u0105cym dane, kt\u00f3rych podanie jest wymagane na podstawie przepis\u00f3w prawa, przez administratora danych Guotai-Huarong (Poland) sp. z o.o. z siedzib\u0105 w Prusicach w celu prowadzenia procesu rekrutacji. Mam \u015bwiadomo\u015b\u0107, \u017ce zgoda mo\u017ce by\u0107 odwo\u0142ana w ka\u017cdym czasie bez wp\u0142ywu na zgodno\u015b\u0107 z prawem przetwarzania dokonanego przed wycofaniem zgody.\u201d<\/h2>\t\t\t\t<\/div>\n\t\t\t\t<\/div>\n\t\t\t\t<\/div>\n\t\t<div class=\"elementor-element elementor-element-250f8bf e-con-full e-flex wpr-particle-no wpr-jarallax-no wpr-parallax-no wpr-sticky-section-no e-con e-child\" data-id=\"250f8bf\" data-element_type=\"container\" data-settings=\"{&quot;_ha_eqh_enable&quot;:false}\">\n\t\t\t\t<div class=\"elementor-element elementor-element-346e961 exad-sticky-section-no exad-glass-effect-no elementor-widget elementor-widget-heading\" data-id=\"346e961\" data-element_type=\"widget\" data-widget_type=\"heading.default\">\n\t\t\t\t<div class=\"elementor-widget-container\">\n\t\t\t\t\t<h2 class=\"elementor-heading-title elementor-size-default\">Je\u015bli chcia\u0142(a)by\u015b wzi\u0105\u0107 udzia\u0142 w kolejnych procesach rekrutacyjnych, dodaj r\u00f3wnie\u017c:<\/h2>\t\t\t\t<\/div>\n\t\t\t\t<\/div>\n\t\t\t\t<div class=\"elementor-element elementor-element-25b9a8a exad-sticky-section-no exad-glass-effect-no elementor-widget elementor-widget-heading\" data-id=\"25b9a8a\" data-element_type=\"widget\" data-widget_type=\"heading.default\">\n\t\t\t\t<div class=\"elementor-widget-container\">\n\t\t\t\t\t<h2 class=\"elementor-heading-title elementor-size-default\">\u201eWyra\u017cam zgod\u0119 na przetwarzanie moich danych osobowych zawartych w dokumentach rekrutacyjnych przez administratora danych Guotai-Huarong (Poland) sp. z o.o. z siedzib\u0105 w Prusicach, w celu prowadzenia przysz\u0142ych proces\u00f3w rekrutacyjnych, przez okres 1 roku od momentu z\u0142o\u017cenia aplikacji. Mam \u015bwiadomo\u015b\u0107, \u017ce zgoda mo\u017ce by\u0107 odwo\u0142ana w ka\u017cdym czasie bez wp\u0142ywu na zgodno\u015b\u0107 z prawem przetwarzania dokonanego przed odwo\u0142aniem zgody.\u201d<\/h2>\t\t\t\t<\/div>\n\t\t\t\t<\/div>\n\t\t\t\t<\/div>\n\t\t\t\t<\/div>\n\t\t\t\t<div class=\"elementor-element elementor-element-945868d exad-sticky-section-no exad-glass-effect-no elementor-widget elementor-widget-spacer\" data-id=\"945868d\" data-element_type=\"widget\" data-widget_type=\"spacer.default\">\n\t\t\t\t<div class=\"elementor-widget-container\">\n\t\t\t\t\t\t\t<div class=\"elementor-spacer\">\n\t\t\t<div class=\"elementor-spacer-inner\"><\/div>\n\t\t<\/div>\n\t\t\t\t\t\t<\/div>\n\t\t\t\t<\/div>\n\t\t<div class=\"elementor-element elementor-element-f456533 e-con-full e-flex wpr-particle-no wpr-jarallax-no wpr-parallax-no wpr-sticky-section-no e-con e-child\" data-id=\"f456533\" data-element_type=\"container\" data-settings=\"{&quot;_ha_eqh_enable&quot;:false}\">\n\t\t\t\t<div class=\"elementor-element elementor-element-791042a exad-sticky-section-no exad-glass-effect-no elementor-widget elementor-widget-heading\" data-id=\"791042a\" data-element_type=\"widget\" data-widget_type=\"heading.default\">\n\t\t\t\t<div class=\"elementor-widget-container\">\n\t\t\t\t\t<h2 class=\"elementor-heading-title elementor-size-default\">Administratorem podanych danych osobowych, w tym danych zawartych w dokumentach aplikacyjnych i zebranych w toku procesu rekrutacji, jest Guotai-Huarong (Poland) Sp. z o.o. z siedzib\u0105 w Prusicach (ul. Pozna\u0144ska 2, 55-110 Prusice); adres e-mail do kontaktu: kontakt@gthr.pl. Dane osobowe b\u0119d\u0105 przetwarzane w celu realizacji obecnych lub \u2013 je\u017celi wyrazisz na to dobrowoln\u0105 zgod\u0119 \u2013 tak\u017ce przysz\u0142ych proces\u00f3w rekrutacji. Wi\u0119cej informacji o tym, jak przetwarzamy Twoje dane, w tym tak\u017ce informacje podstawach prawnych przetwarzania oraz o prawach przys\u0142uguj\u0105cych Ci w zwi\u0105zku z przetwarzaniem danych, znajdziesz na stronie www.gthr.pl\/kariera.<\/h2>\t\t\t\t<\/div>\n\t\t\t\t<\/div>\n\t\t\t\t<\/div>\n\t\t\t\t\t<\/div>\n\t\t\t\t<\/div>\n\t\t<div class=\"elementor-element elementor-element-bc26174 e-flex e-con-boxed wpr-particle-no wpr-jarallax-no wpr-parallax-no wpr-sticky-section-no e-con e-parent\" data-id=\"bc26174\" data-element_type=\"container\" data-settings=\"{&quot;_ha_eqh_enable&quot;:false}\">\n\t\t\t\t\t<div class=\"e-con-inner\">\n\t\t\t\t<div class=\"elementor-element elementor-element-2e87eb9 exad-sticky-section-no exad-glass-effect-no elementor-widget elementor-widget-spacer\" data-id=\"2e87eb9\" data-element_type=\"widget\" data-widget_type=\"spacer.default\">\n\t\t\t\t<div class=\"elementor-widget-container\">\n\t\t\t\t\t\t\t<div class=\"elementor-spacer\">\n\t\t\t<div class=\"elementor-spacer-inner\"><\/div>\n\t\t<\/div>\n\t\t\t\t\t\t<\/div>\n\t\t\t\t<\/div>\n\t\t\t\t\t<\/div>\n\t\t\t\t<\/div>\n\t\t\t\t<\/div>\n\t\t","protected":false},"excerpt":{"rendered":"<p>Inspektor kontroli jako\u015bci Zakres obowi\u0105zk\u00f3w: przeprowadzanie analizy instrumentalnej oraz chemicznej surowc\u00f3w, p\u00f3\u0142produkt\u00f3w i wyrobu gotowego, przygotowywanie wynik\u00f3w analiz do dalszej analizy danych, weryfikacja danych, stwierdzanie niepoprawnie wykonanych analiz oraz ustalanie ich \u017ar\u00f3de\u0142, kalibracja i konserwacja aparatury kontrolno-pomiarowej oraz przygotowanie odczynnik\u00f3w do analiz, zg\u0142aszanie materia\u0142\u00f3w niezgodnych w dedykowanym systemie, analiza niezgodno\u015bci, tworzenie certyfikat\u00f3w dla wyrobu gotowego zgodnie z wymaganiami klienta, przygotowywanie pr\u00f3bek do analiz, pr\u00f3b archiwalnych, tworzenie etykiet dla wyrobu gotowego, zapewnienie identyfikowalno\u015bci materia\u0142\u00f3w, tworzenie certyfikat\u00f3w jako\u015bci dla klienta, udzia\u0142 w ustalaniu \u017ar\u00f3d\u0142a niezgodno\u015bci (analiza RCA) Wymagania: wykszta\u0142cenie wy\u017csze chemiczne lub pokrewne, do\u015bwiadczenie w pracy w laboratorium chemicznym, znajomo\u015b\u0107 obs\u0142ugi sprz\u0119t\u00f3w laboratoryjnych, znajomo\u015b\u0107 j\u0119zyka angielskiego na poziomie umo\u017cliwiaj\u0105cym swobodn\u0105 komunikacj\u0119, gotowo\u015b\u0107 do zmiany w systemie 2-zmianowym (docelowo w 4-brygadowym). Oferujemy: stabilne zatrudnienie w firmie o chi\u0144skich korzeniach i filozofii, prac\u0119 w nowoczesnym laboratorium, dofinansowanie do karty Multisport, prywatnej opieki medycznej, ubezpieczenie na \u017cycie, dofinansowanie do posi\u0142k\u00f3w. Zak\u0142adowy Fundusz \u015awiadcze\u0144 Socjalnych. Osoby zainteresowane prosimy o przes\u0142anie CV na adres praca@gthr.pl Je\u017celi podajesz nam dodatkowe dane, kt\u00f3rych udost\u0119pnienie nie jest wymagane na podstawie przepis\u00f3w prawa (np. zamieszczasz w CV swoje zdj\u0119cie), prosimy o dopisanie klauzuli: \u201eWyra\u017cam zgod\u0119 na przetwarzanie moich danych osobowych zawartych w dokumentach rekrutacyjnych w zakresie przekraczaj\u0105cym dane, kt\u00f3rych podanie jest wymagane na podstawie przepis\u00f3w prawa, przez administratora danych Guotai-Huarong (Poland) sp. z o.o. z siedzib\u0105 w Prusicach w celu prowadzenia procesu rekrutacji. Mam \u015bwiadomo\u015b\u0107, \u017ce zgoda mo\u017ce by\u0107 odwo\u0142ana w ka\u017cdym czasie bez wp\u0142ywu na zgodno\u015b\u0107 z prawem przetwarzania dokonanego przed wycofaniem zgody.\u201d Je\u015bli chcia\u0142(a)by\u015b wzi\u0105\u0107 udzia\u0142 w kolejnych procesach rekrutacyjnych, dodaj r\u00f3wnie\u017c: \u201eWyra\u017cam zgod\u0119 na przetwarzanie moich danych osobowych zawartych w dokumentach rekrutacyjnych przez administratora danych Guotai-Huarong (Poland) sp. z o.o. z siedzib\u0105 w Prusicach, w celu prowadzenia przysz\u0142ych proces\u00f3w rekrutacyjnych, przez okres 1 roku od momentu z\u0142o\u017cenia aplikacji. Mam \u015bwiadomo\u015b\u0107, \u017ce zgoda mo\u017ce by\u0107 odwo\u0142ana w ka\u017cdym czasie bez wp\u0142ywu na zgodno\u015b\u0107 z prawem przetwarzania dokonanego przed odwo\u0142aniem zgody.\u201d Administratorem podanych danych osobowych, w tym danych zawartych w dokumentach aplikacyjnych i zebranych w toku procesu rekrutacji, jest Guotai-Huarong (Poland) Sp. z o.o. z siedzib\u0105 w Prusicach (ul. Pozna\u0144ska 2, 55-110 Prusice); adres e-mail do kontaktu: kontakt@gthr.pl. Dane osobowe b\u0119d\u0105 przetwarzane w celu realizacji obecnych lub \u2013 je\u017celi wyrazisz na to dobrowoln\u0105 zgod\u0119 \u2013 tak\u017ce przysz\u0142ych proces\u00f3w rekrutacji. Wi\u0119cej informacji o tym, jak przetwarzamy Twoje dane, w tym tak\u017ce informacje podstawach prawnych przetwarzania oraz o prawach przys\u0142uguj\u0105cych Ci w zwi\u0105zku z przetwarzaniem danych, znajdziesz na stronie www.gthr.pl\/kariera.<\/p>\n","protected":false},"author":2,"featured_media":0,"parent":0,"menu_order":0,"comment_status":"closed","ping_status":"closed","template":"","meta":{"_eb_attr":"","inline_featured_image":false,"footnotes":""},"class_list":["post-6222","page","type-page","status-publish","hentry"],"_links":{"self":[{"href":"https:\/\/gthr.pl\/pl\/wp-json\/wp\/v2\/pages\/6222","targetHints":{"allow":["GET"]}}],"collection":[{"href":"https:\/\/gthr.pl\/pl\/wp-json\/wp\/v2\/pages"}],"about":[{"href":"https:\/\/gthr.pl\/pl\/wp-json\/wp\/v2\/types\/page"}],"author":[{"embeddable":true,"href":"https:\/\/gthr.pl\/pl\/wp-json\/wp\/v2\/users\/2"}],"replies":[{"embeddable":true,"href":"https:\/\/gthr.pl\/pl\/wp-json\/wp\/v2\/comments?post=6222"}],"version-history":[{"count":7,"href":"https:\/\/gthr.pl\/pl\/wp-json\/wp\/v2\/pages\/6222\/revisions"}],"predecessor-version":[{"id":6235,"href":"https:\/\/gthr.pl\/pl\/wp-json\/wp\/v2\/pages\/6222\/revisions\/6235"}],"wp:attachment":[{"href":"https:\/\/gthr.pl\/pl\/wp-json\/wp\/v2\/media?parent=6222"}],"curies":[{"name":"wp","href":"https:\/\/api.w.org\/{rel}","templated":true}]}}