{"id":5962,"date":"2025-03-24T07:57:49","date_gmt":"2025-03-24T07:57:49","guid":{"rendered":"https:\/\/gthr.pl\/?page_id=5962"},"modified":"2025-03-24T08:00:15","modified_gmt":"2025-03-24T08:00:15","slug":"oferta-pracy-technik-kontroli-jakosci","status":"publish","type":"page","link":"https:\/\/gthr.pl\/en\/oferta-pracy-technik-kontroli-jakosci\/","title":{"rendered":"Oferta pracy &#8211; Technik kontroli jako\u015bci"},"content":{"rendered":"<div data-elementor-type=\"wp-page\" data-elementor-id=\"5962\" class=\"elementor elementor-5962\" data-elementor-settings=\"{&quot;ha_cmc_init_switcher&quot;:&quot;no&quot;}\">\n\t\t\t\t<div class=\"elementor-element elementor-element-4ecae2d e-flex e-con-boxed wpr-particle-no wpr-jarallax-no wpr-parallax-no wpr-sticky-section-no e-con e-parent\" data-id=\"4ecae2d\" data-element_type=\"container\" data-settings=\"{&quot;_ha_eqh_enable&quot;:false}\">\n\t\t\t\t\t<div class=\"e-con-inner\">\n\t\t\t\t<div class=\"elementor-element elementor-element-c8d59af exad-sticky-section-no exad-glass-effect-no elementor-widget elementor-widget-spacer\" data-id=\"c8d59af\" data-element_type=\"widget\" data-widget_type=\"spacer.default\">\n\t\t\t\t<div class=\"elementor-widget-container\">\n\t\t\t\t\t\t\t<div class=\"elementor-spacer\">\n\t\t\t<div class=\"elementor-spacer-inner\"><\/div>\n\t\t<\/div>\n\t\t\t\t\t\t<\/div>\n\t\t\t\t<\/div>\n\t\t<div class=\"elementor-element elementor-element-d8ec16f e-con-full e-flex wpr-particle-no wpr-jarallax-no wpr-parallax-no wpr-sticky-section-no e-con e-child\" data-id=\"d8ec16f\" data-element_type=\"container\" data-settings=\"{&quot;_ha_eqh_enable&quot;:false}\">\n\t\t\t\t<div class=\"elementor-element elementor-element-6b82065 exad-sticky-section-no exad-glass-effect-no elementor-widget elementor-widget-image\" data-id=\"6b82065\" data-element_type=\"widget\" data-widget_type=\"image.default\">\n\t\t\t\t<div class=\"elementor-widget-container\">\n\t\t\t\t\t\t\t\t\t\t\t\t\t\t\t<img decoding=\"async\" width=\"119\" height=\"150\" src=\"https:\/\/gthr.pl\/wp-content\/uploads\/2025\/01\/CV-1.svg\" class=\"attachment-thumbnail size-thumbnail wp-image-2624\" alt=\"\" \/>\t\t\t\t\t\t\t\t\t\t\t\t\t\t\t<\/div>\n\t\t\t\t<\/div>\n\t\t\t\t<div class=\"elementor-element elementor-element-4affd5f exad-sticky-section-no exad-glass-effect-no elementor-widget elementor-widget-heading\" data-id=\"4affd5f\" data-element_type=\"widget\" data-widget_type=\"heading.default\">\n\t\t\t\t<div class=\"elementor-widget-container\">\n\t\t\t\t\t<h2 class=\"elementor-heading-title elementor-size-default\">Technik kontroli jako\u015bci <\/h2>\t\t\t\t<\/div>\n\t\t\t\t<\/div>\n\t\t\t\t<\/div>\n\t\t\t\t\t<\/div>\n\t\t\t\t<\/div>\n\t\t<div class=\"elementor-element elementor-element-520a538 e-flex e-con-boxed wpr-particle-no wpr-jarallax-no wpr-parallax-no wpr-sticky-section-no e-con e-parent\" data-id=\"520a538\" data-element_type=\"container\" data-settings=\"{&quot;_ha_eqh_enable&quot;:false}\">\n\t\t\t\t\t<div class=\"e-con-inner\">\n\t\t\t\t<div class=\"elementor-element elementor-element-22835fe exad-sticky-section-no exad-glass-effect-no elementor-widget elementor-widget-spacer\" data-id=\"22835fe\" data-element_type=\"widget\" data-widget_type=\"spacer.default\">\n\t\t\t\t<div class=\"elementor-widget-container\">\n\t\t\t\t\t\t\t<div class=\"elementor-spacer\">\n\t\t\t<div class=\"elementor-spacer-inner\"><\/div>\n\t\t<\/div>\n\t\t\t\t\t\t<\/div>\n\t\t\t\t<\/div>\n\t\t<div class=\"elementor-element elementor-element-78559b9 e-con-full e-flex wpr-particle-no wpr-jarallax-no wpr-parallax-no wpr-sticky-section-no e-con e-child\" data-id=\"78559b9\" data-element_type=\"container\" data-settings=\"{&quot;_ha_eqh_enable&quot;:false}\">\n\t\t\t\t<div class=\"elementor-element elementor-element-c3908c2 exad-sticky-section-no exad-glass-effect-no elementor-widget elementor-widget-heading\" data-id=\"c3908c2\" data-element_type=\"widget\" data-widget_type=\"heading.default\">\n\t\t\t\t<div class=\"elementor-widget-container\">\n\t\t\t\t\t<h2 class=\"elementor-heading-title elementor-size-default\">Responsibilities:<\/h2>\t\t\t\t<\/div>\n\t\t\t\t<\/div>\n\t\t<div class=\"elementor-element elementor-element-0e5d23a e-con-full e-flex wpr-particle-no wpr-jarallax-no wpr-parallax-no wpr-sticky-section-no e-con e-child\" data-id=\"0e5d23a\" data-element_type=\"container\" data-settings=\"{&quot;_ha_eqh_enable&quot;:false}\">\n\t\t<div class=\"elementor-element elementor-element-4a50cae e-con-full e-flex wpr-particle-no wpr-jarallax-no wpr-parallax-no wpr-sticky-section-no e-con e-child\" data-id=\"4a50cae\" data-element_type=\"container\" data-settings=\"{&quot;_ha_eqh_enable&quot;:false}\">\n\t\t\t\t<div class=\"elementor-element elementor-element-ee10780 exad-sticky-section-no exad-glass-effect-no elementor-widget elementor-widget-text-editor\" data-id=\"ee10780\" data-element_type=\"widget\" data-widget_type=\"text-editor.default\">\n\t\t\t\t<div class=\"elementor-widget-container\">\n\t\t\t\t\t\t\t\t\t<ul><li>przeprowadzanie analiz surowc\u00f3w, p\u00f3\u0142produkt\u00f3w i wyrobu gotowego,<\/li><li>zapis wynik\u00f3w analiz w formie papierowej oraz w systemie SAP i MES,<\/li><li>raportowanie stwierdzonych nieprawid\u0142owo\u015bci do prze\u0142o\u017conego,<\/li><li>przygotowanie i kalibracja aparatury kontrolno-pomiarowej do pracy oraz przygotowanie odczynnik\u00f3w do analiz,<\/li><li>konserwacja sprz\u0119tu kontrolno-pomiarowego,<\/li><li>pobieranie pr\u00f3bek, przygotowanie pr\u00f3bek do analizy,<\/li><li>przygotowanie wynik\u00f3w analiz do dalszej analizy danych,<\/li><li>tworzenie etykiet dla gotowego produktu i pr\u00f3bek.<\/li><\/ul>\t\t\t\t\t\t\t\t<\/div>\n\t\t\t\t<\/div>\n\t\t\t\t<\/div>\n\t\t\t\t<\/div>\n\t\t\t\t<div class=\"elementor-element elementor-element-6d83396 exad-sticky-section-no exad-glass-effect-no elementor-widget elementor-widget-spacer\" data-id=\"6d83396\" data-element_type=\"widget\" data-widget_type=\"spacer.default\">\n\t\t\t\t<div class=\"elementor-widget-container\">\n\t\t\t\t\t\t\t<div class=\"elementor-spacer\">\n\t\t\t<div class=\"elementor-spacer-inner\"><\/div>\n\t\t<\/div>\n\t\t\t\t\t\t<\/div>\n\t\t\t\t<\/div>\n\t\t\t\t<\/div>\n\t\t<div class=\"elementor-element elementor-element-02a1adf e-con-full e-flex wpr-particle-no wpr-jarallax-no wpr-parallax-no wpr-sticky-section-no e-con e-child\" data-id=\"02a1adf\" data-element_type=\"container\" data-settings=\"{&quot;_ha_eqh_enable&quot;:false}\">\n\t\t\t\t<div class=\"elementor-element elementor-element-2240076 exad-sticky-section-no exad-glass-effect-no elementor-widget elementor-widget-heading\" data-id=\"2240076\" data-element_type=\"widget\" data-widget_type=\"heading.default\">\n\t\t\t\t<div class=\"elementor-widget-container\">\n\t\t\t\t\t<h2 class=\"elementor-heading-title elementor-size-default\">Requirements:<\/h2>\t\t\t\t<\/div>\n\t\t\t\t<\/div>\n\t\t<div class=\"elementor-element elementor-element-02e58a4 e-con-full e-flex wpr-particle-no wpr-jarallax-no wpr-parallax-no wpr-sticky-section-no e-con e-child\" data-id=\"02e58a4\" data-element_type=\"container\" data-settings=\"{&quot;_ha_eqh_enable&quot;:false}\">\n\t\t<div class=\"elementor-element elementor-element-134f6e6 e-con-full e-flex wpr-particle-no wpr-jarallax-no wpr-parallax-no wpr-sticky-section-no e-con e-child\" data-id=\"134f6e6\" data-element_type=\"container\" data-settings=\"{&quot;_ha_eqh_enable&quot;:false}\">\n\t\t\t\t<div class=\"elementor-element elementor-element-d7c88c0 exad-sticky-section-no exad-glass-effect-no elementor-widget elementor-widget-text-editor\" data-id=\"d7c88c0\" data-element_type=\"widget\" data-widget_type=\"text-editor.default\">\n\t\t\t\t<div class=\"elementor-widget-container\">\n\t\t\t\t\t\t\t\t\t<ul><li>wykszta\u0142cenie min. \u015brednie (chemiczne lub pokrewne),<\/li><li>do\u015bwiadczenie w pracy w laboratorium chemicznym,<\/li><li>znajomo\u015b\u0107 zasad ISO 9001, mile widziana znajomo\u015b\u0107 standardu IATF 16949,<\/li><li>otwarto\u015b\u0107 na prac\u0119 w grupie,<\/li><li>umiej\u0119tno\u015b\u0107 pracy pod presj\u0105,<\/li><li>mile widziana znajomo\u015b\u0107 j\u0119zyka angielskiego,<\/li><li>dyspozycyjno\u015b\u0107 do pracy w systemie 4-brygadowym (w przysz\u0142o\u015bci).<\/li><\/ul>\t\t\t\t\t\t\t\t<\/div>\n\t\t\t\t<\/div>\n\t\t\t\t<\/div>\n\t\t\t\t<\/div>\n\t\t\t\t<div class=\"elementor-element elementor-element-123cfa3 exad-sticky-section-no exad-glass-effect-no elementor-widget elementor-widget-spacer\" data-id=\"123cfa3\" data-element_type=\"widget\" data-widget_type=\"spacer.default\">\n\t\t\t\t<div class=\"elementor-widget-container\">\n\t\t\t\t\t\t\t<div class=\"elementor-spacer\">\n\t\t\t<div class=\"elementor-spacer-inner\"><\/div>\n\t\t<\/div>\n\t\t\t\t\t\t<\/div>\n\t\t\t\t<\/div>\n\t\t\t\t<\/div>\n\t\t<div class=\"elementor-element elementor-element-9d7a8f9 e-con-full e-flex wpr-particle-no wpr-jarallax-no wpr-parallax-no wpr-sticky-section-no e-con e-child\" data-id=\"9d7a8f9\" data-element_type=\"container\" data-settings=\"{&quot;_ha_eqh_enable&quot;:false}\">\n\t\t\t\t<div class=\"elementor-element elementor-element-43b521a exad-sticky-section-no exad-glass-effect-no elementor-widget elementor-widget-heading\" data-id=\"43b521a\" data-element_type=\"widget\" data-widget_type=\"heading.default\">\n\t\t\t\t<div class=\"elementor-widget-container\">\n\t\t\t\t\t<h2 class=\"elementor-heading-title elementor-size-default\">We offer:<\/h2>\t\t\t\t<\/div>\n\t\t\t\t<\/div>\n\t\t<div class=\"elementor-element elementor-element-d704a41 e-con-full e-flex wpr-particle-no wpr-jarallax-no wpr-parallax-no wpr-sticky-section-no e-con e-child\" data-id=\"d704a41\" data-element_type=\"container\" data-settings=\"{&quot;_ha_eqh_enable&quot;:false}\">\n\t\t<div class=\"elementor-element elementor-element-fc840ed e-con-full e-flex wpr-particle-no wpr-jarallax-no wpr-parallax-no wpr-sticky-section-no e-con e-child\" data-id=\"fc840ed\" data-element_type=\"container\" data-settings=\"{&quot;_ha_eqh_enable&quot;:false}\">\n\t\t\t\t<div class=\"elementor-element elementor-element-351ee2e exad-sticky-section-no exad-glass-effect-no elementor-widget elementor-widget-text-editor\" data-id=\"351ee2e\" data-element_type=\"widget\" data-widget_type=\"text-editor.default\">\n\t\t\t\t<div class=\"elementor-widget-container\">\n\t\t\t\t\t\t\t\t\t<ul><li><ul><li>prac\u0119 w nowoczesnym laboratorium,<\/li><\/ul><ul><li>stabilne zatrudnienie na podstawie umowy o prac\u0119,<\/li><\/ul><ul><li>dofinansowanie do karty Multisport, prywatnej opieki medycznej,<\/li><li>life insurance,<\/li><li>dofinansowanie do posi\u0142k\u00f3w,<\/li><li>Zak\u0142adowy Fundusz \u015awiadcze\u0144 Socjalnych,<\/li><li>niezb\u0119dne narz\u0119dzia pracy.<\/li><\/ul><\/li><\/ul>\t\t\t\t\t\t\t\t<\/div>\n\t\t\t\t<\/div>\n\t\t\t\t<\/div>\n\t\t\t\t<\/div>\n\t\t\t\t<div class=\"elementor-element elementor-element-18f47a0 exad-sticky-section-no exad-glass-effect-no elementor-widget elementor-widget-spacer\" data-id=\"18f47a0\" data-element_type=\"widget\" data-widget_type=\"spacer.default\">\n\t\t\t\t<div class=\"elementor-widget-container\">\n\t\t\t\t\t\t\t<div class=\"elementor-spacer\">\n\t\t\t<div class=\"elementor-spacer-inner\"><\/div>\n\t\t<\/div>\n\t\t\t\t\t\t<\/div>\n\t\t\t\t<\/div>\n\t\t\t\t<\/div>\n\t\t\t\t\t<\/div>\n\t\t\t\t<\/div>\n\t\t<div class=\"elementor-element elementor-element-c35a2f6 e-flex e-con-boxed wpr-particle-no wpr-jarallax-no wpr-parallax-no wpr-sticky-section-no e-con e-parent\" data-id=\"c35a2f6\" data-element_type=\"container\" data-settings=\"{&quot;_ha_eqh_enable&quot;:false}\">\n\t\t\t\t\t<div class=\"e-con-inner\">\n\t\t<div class=\"elementor-element elementor-element-ef9e5a7 e-con-full e-flex wpr-particle-no wpr-jarallax-no wpr-parallax-no wpr-sticky-section-no e-con e-child\" data-id=\"ef9e5a7\" data-element_type=\"container\" data-settings=\"{&quot;_ha_eqh_enable&quot;:false}\">\n\t\t\t\t<div class=\"elementor-element elementor-element-89c9926 exad-sticky-section-no exad-glass-effect-no elementor-widget elementor-widget-heading\" data-id=\"89c9926\" data-element_type=\"widget\" data-widget_type=\"heading.default\">\n\t\t\t\t<div class=\"elementor-widget-container\">\n\t\t\t\t\t<h2 class=\"elementor-heading-title elementor-size-default\">If interested, please send your CV to<\/h2>\t\t\t\t<\/div>\n\t\t\t\t<\/div>\n\t\t\t\t<div class=\"elementor-element elementor-element-1807b32 exad-sticky-section-no exad-glass-effect-no elementor-widget elementor-widget-heading\" data-id=\"1807b32\" data-element_type=\"widget\" data-widget_type=\"heading.default\">\n\t\t\t\t<div class=\"elementor-widget-container\">\n\t\t\t\t\t<h2 class=\"elementor-heading-title elementor-size-default\">praca@gthr.pl<\/h2>\t\t\t\t<\/div>\n\t\t\t\t<\/div>\n\t\t\t\t<\/div>\n\t\t\t\t\t<\/div>\n\t\t\t\t<\/div>\n\t\t<div class=\"elementor-element elementor-element-8069679 e-flex e-con-boxed wpr-particle-no wpr-jarallax-no wpr-parallax-no wpr-sticky-section-no e-con e-parent\" data-id=\"8069679\" data-element_type=\"container\" data-settings=\"{&quot;_ha_eqh_enable&quot;:false}\">\n\t\t\t\t\t<div class=\"e-con-inner\">\n\t\t\t\t<div class=\"elementor-element elementor-element-2991c4a exad-sticky-section-no exad-glass-effect-no elementor-widget elementor-widget-spacer\" data-id=\"2991c4a\" data-element_type=\"widget\" data-widget_type=\"spacer.default\">\n\t\t\t\t<div class=\"elementor-widget-container\">\n\t\t\t\t\t\t\t<div class=\"elementor-spacer\">\n\t\t\t<div class=\"elementor-spacer-inner\"><\/div>\n\t\t<\/div>\n\t\t\t\t\t\t<\/div>\n\t\t\t\t<\/div>\n\t\t\t\t\t<\/div>\n\t\t\t\t<\/div>\n\t\t<div class=\"elementor-element elementor-element-f1fe974 e-flex e-con-boxed wpr-particle-no wpr-jarallax-no wpr-parallax-no wpr-sticky-section-no e-con e-parent\" data-id=\"f1fe974\" data-element_type=\"container\" data-settings=\"{&quot;_ha_eqh_enable&quot;:false}\">\n\t\t\t\t\t<div class=\"e-con-inner\">\n\t\t<div class=\"elementor-element elementor-element-cc527af e-con-full e-flex wpr-particle-no wpr-jarallax-no wpr-parallax-no wpr-sticky-section-no e-con e-child\" data-id=\"cc527af\" data-element_type=\"container\" data-settings=\"{&quot;_ha_eqh_enable&quot;:false}\">\n\t\t<div class=\"elementor-element elementor-element-aa90cfe e-con-full e-flex wpr-particle-no wpr-jarallax-no wpr-parallax-no wpr-sticky-section-no e-con e-child\" data-id=\"aa90cfe\" data-element_type=\"container\" data-settings=\"{&quot;_ha_eqh_enable&quot;:false}\">\n\t\t\t\t<div class=\"elementor-element elementor-element-8e0cc24 exad-sticky-section-no exad-glass-effect-no elementor-widget elementor-widget-heading\" data-id=\"8e0cc24\" data-element_type=\"widget\" data-widget_type=\"heading.default\">\n\t\t\t\t<div class=\"elementor-widget-container\">\n\t\t\t\t\t<h2 class=\"elementor-heading-title elementor-size-default\">If you provide us with additional data, the sharing of which is not required by law (e.g. you include your photo in your resume), please add a clause:\n<\/h2>\t\t\t\t<\/div>\n\t\t\t\t<\/div>\n\t\t\t\t<div class=\"elementor-element elementor-element-642bda4 exad-sticky-section-no exad-glass-effect-no elementor-widget elementor-widget-heading\" data-id=\"642bda4\" data-element_type=\"widget\" data-widget_type=\"heading.default\">\n\t\t\t\t<div class=\"elementor-widget-container\">\n\t\t\t\t\t<h2 class=\"elementor-heading-title elementor-size-default\">\u201cI consent to the processing of my personal data contained in the recruitment documents, to the extent exceeding the data required by law, by the data administrator Guotai-Huarong (Poland) sp. z o.o. based in Prusice for the purpose of the recruitment process. I am aware that the consent may be revoked at any time without affecting the legality of the processing carried out before the withdrawal of consent.\u201d<\/h2>\t\t\t\t<\/div>\n\t\t\t\t<\/div>\n\t\t\t\t<\/div>\n\t\t<div class=\"elementor-element elementor-element-250f8bf e-con-full e-flex wpr-particle-no wpr-jarallax-no wpr-parallax-no wpr-sticky-section-no e-con e-child\" data-id=\"250f8bf\" data-element_type=\"container\" data-settings=\"{&quot;_ha_eqh_enable&quot;:false}\">\n\t\t\t\t<div class=\"elementor-element elementor-element-346e961 exad-sticky-section-no exad-glass-effect-no elementor-widget elementor-widget-heading\" data-id=\"346e961\" data-element_type=\"widget\" data-widget_type=\"heading.default\">\n\t\t\t\t<div class=\"elementor-widget-container\">\n\t\t\t\t\t<h2 class=\"elementor-heading-title elementor-size-default\">If you would like to participate in future recruitment processes, please also add:<\/h2>\t\t\t\t<\/div>\n\t\t\t\t<\/div>\n\t\t\t\t<div class=\"elementor-element elementor-element-25b9a8a exad-sticky-section-no exad-glass-effect-no elementor-widget elementor-widget-heading\" data-id=\"25b9a8a\" data-element_type=\"widget\" data-widget_type=\"heading.default\">\n\t\t\t\t<div class=\"elementor-widget-container\">\n\t\t\t\t\t<h2 class=\"elementor-heading-title elementor-size-default\">\u201cI consent to the processing of my personal data contained in the recruitment documents by the data administrator Guotai-Huarong (Poland) sp. z o.o., headquartered in Prusice, for the purpose of future recruitment processes, for a period of 1 year from the date of application. I am aware that the consent may be revoked at any time without affecting the legality of the processing performed prior to the revocation of consent.\u201d<\/h2>\t\t\t\t<\/div>\n\t\t\t\t<\/div>\n\t\t\t\t<\/div>\n\t\t\t\t<\/div>\n\t\t\t\t<div class=\"elementor-element elementor-element-945868d exad-sticky-section-no exad-glass-effect-no elementor-widget elementor-widget-spacer\" data-id=\"945868d\" data-element_type=\"widget\" data-widget_type=\"spacer.default\">\n\t\t\t\t<div class=\"elementor-widget-container\">\n\t\t\t\t\t\t\t<div class=\"elementor-spacer\">\n\t\t\t<div class=\"elementor-spacer-inner\"><\/div>\n\t\t<\/div>\n\t\t\t\t\t\t<\/div>\n\t\t\t\t<\/div>\n\t\t<div class=\"elementor-element elementor-element-f456533 e-con-full e-flex wpr-particle-no wpr-jarallax-no wpr-parallax-no wpr-sticky-section-no e-con e-child\" data-id=\"f456533\" data-element_type=\"container\" data-settings=\"{&quot;_ha_eqh_enable&quot;:false}\">\n\t\t\t\t<div class=\"elementor-element elementor-element-791042a exad-sticky-section-no exad-glass-effect-no elementor-widget elementor-widget-heading\" data-id=\"791042a\" data-element_type=\"widget\" data-widget_type=\"heading.default\">\n\t\t\t\t<div class=\"elementor-widget-container\">\n\t\t\t\t\t<h2 class=\"elementor-heading-title elementor-size-default\">The administrator of the personal data provided, including the data contained in the application documents and collected in the course of the recruitment process, is Guotai-Huarong (Poland) Sp. z o.o. based in Prusice (Pozna\u0144ska 2 Street, 55-110 Prusice); e-mail address for contact: kontakt@gthr.pl. Personal data will be processed for the purpose of current or, if you voluntarily agree, also future recruitment processes. For more information on how we process your data, including information on the legal basis for processing and your rights in connection with data processing, please visit www.gthr.pl\/kariera.<\/h2>\t\t\t\t<\/div>\n\t\t\t\t<\/div>\n\t\t\t\t<\/div>\n\t\t\t\t\t<\/div>\n\t\t\t\t<\/div>\n\t\t<div class=\"elementor-element elementor-element-bc26174 e-flex e-con-boxed wpr-particle-no wpr-jarallax-no wpr-parallax-no wpr-sticky-section-no e-con e-parent\" data-id=\"bc26174\" data-element_type=\"container\" data-settings=\"{&quot;_ha_eqh_enable&quot;:false}\">\n\t\t\t\t\t<div class=\"e-con-inner\">\n\t\t\t\t<div class=\"elementor-element elementor-element-2e87eb9 exad-sticky-section-no exad-glass-effect-no elementor-widget elementor-widget-spacer\" data-id=\"2e87eb9\" data-element_type=\"widget\" data-widget_type=\"spacer.default\">\n\t\t\t\t<div class=\"elementor-widget-container\">\n\t\t\t\t\t\t\t<div class=\"elementor-spacer\">\n\t\t\t<div class=\"elementor-spacer-inner\"><\/div>\n\t\t<\/div>\n\t\t\t\t\t\t<\/div>\n\t\t\t\t<\/div>\n\t\t\t\t\t<\/div>\n\t\t\t\t<\/div>\n\t\t\t\t<\/div>","protected":false},"excerpt":{"rendered":"<p>Technik kontroli jako\u015bci Zakres obowi\u0105zk\u00f3w: przeprowadzanie analiz surowc\u00f3w, p\u00f3\u0142produkt\u00f3w i wyrobu gotowego, zapis wynik\u00f3w analiz w formie papierowej oraz w systemie SAP i MES, raportowanie stwierdzonych nieprawid\u0142owo\u015bci do prze\u0142o\u017conego, przygotowanie i kalibracja aparatury kontrolno-pomiarowej do pracy oraz przygotowanie odczynnik\u00f3w do analiz, konserwacja sprz\u0119tu kontrolno-pomiarowego, pobieranie pr\u00f3bek, przygotowanie pr\u00f3bek do analizy, przygotowanie wynik\u00f3w analiz do dalszej analizy danych, tworzenie etykiet dla gotowego produktu i pr\u00f3bek. Wymagania: wykszta\u0142cenie min. \u015brednie (chemiczne lub pokrewne), do\u015bwiadczenie w pracy w laboratorium chemicznym, znajomo\u015b\u0107 zasad ISO 9001, mile widziana znajomo\u015b\u0107 standardu IATF 16949, otwarto\u015b\u0107 na prac\u0119 w grupie, umiej\u0119tno\u015b\u0107 pracy pod presj\u0105, mile widziana znajomo\u015b\u0107 j\u0119zyka angielskiego, dyspozycyjno\u015b\u0107 do pracy w systemie 4-brygadowym (w przysz\u0142o\u015bci). Oferujemy: prac\u0119 w nowoczesnym laboratorium, stabilne zatrudnienie na podstawie umowy o prac\u0119, dofinansowanie do karty Multisport, prywatnej opieki medycznej, ubezpieczenie na \u017cycie, dofinansowanie do posi\u0142k\u00f3w, Zak\u0142adowy Fundusz \u015awiadcze\u0144 Socjalnych, niezb\u0119dne narz\u0119dzia pracy. Osoby zainteresowane prosimy o przes\u0142anie CV na adres praca@gthr.pl Je\u017celi podajesz nam dodatkowe dane, kt\u00f3rych udost\u0119pnienie nie jest wymagane na podstawie przepis\u00f3w prawa (np. zamieszczasz w CV swoje zdj\u0119cie), prosimy o dopisanie klauzuli: \u201eWyra\u017cam zgod\u0119 na przetwarzanie moich danych osobowych zawartych w dokumentach rekrutacyjnych w zakresie przekraczaj\u0105cym dane, kt\u00f3rych podanie jest wymagane na podstawie przepis\u00f3w prawa, przez administratora danych Guotai-Huarong (Poland) sp. z o.o. z siedzib\u0105 w Prusicach w celu prowadzenia procesu rekrutacji. Mam \u015bwiadomo\u015b\u0107, \u017ce zgoda mo\u017ce by\u0107 odwo\u0142ana w ka\u017cdym czasie bez wp\u0142ywu na zgodno\u015b\u0107 z prawem przetwarzania dokonanego przed wycofaniem zgody.\u201d Je\u015bli chcia\u0142(a)by\u015b wzi\u0105\u0107 udzia\u0142 w kolejnych procesach rekrutacyjnych, dodaj r\u00f3wnie\u017c: \u201eWyra\u017cam zgod\u0119 na przetwarzanie moich danych osobowych zawartych w dokumentach rekrutacyjnych przez administratora danych Guotai-Huarong (Poland) sp. z o.o. z siedzib\u0105 w Prusicach, w celu prowadzenia przysz\u0142ych proces\u00f3w rekrutacyjnych, przez okres 1 roku od momentu z\u0142o\u017cenia aplikacji. Mam \u015bwiadomo\u015b\u0107, \u017ce zgoda mo\u017ce by\u0107 odwo\u0142ana w ka\u017cdym czasie bez wp\u0142ywu na zgodno\u015b\u0107 z prawem przetwarzania dokonanego przed odwo\u0142aniem zgody.\u201d Administratorem podanych danych osobowych, w tym danych zawartych w dokumentach aplikacyjnych i zebranych w toku procesu rekrutacji, jest Guotai-Huarong (Poland) Sp. z o.o. z siedzib\u0105 w Prusicach (ul. Pozna\u0144ska 2, 55-110 Prusice); adres e-mail do kontaktu: kontakt@gthr.pl. Dane osobowe b\u0119d\u0105 przetwarzane w celu realizacji obecnych lub \u2013 je\u017celi wyrazisz na to dobrowoln\u0105 zgod\u0119 \u2013 tak\u017ce przysz\u0142ych proces\u00f3w rekrutacji. Wi\u0119cej informacji o tym, jak przetwarzamy Twoje dane, w tym tak\u017ce informacje podstawach prawnych przetwarzania oraz o prawach przys\u0142uguj\u0105cych Ci w zwi\u0105zku z przetwarzaniem danych, znajdziesz na stronie www.gthr.pl\/kariera.<\/p>","protected":false},"author":2,"featured_media":0,"parent":0,"menu_order":0,"comment_status":"closed","ping_status":"closed","template":"","meta":{"_eb_attr":"","inline_featured_image":false,"footnotes":""},"class_list":["post-5962","page","type-page","status-publish","hentry"],"_links":{"self":[{"href":"https:\/\/gthr.pl\/en\/wp-json\/wp\/v2\/pages\/5962","targetHints":{"allow":["GET"]}}],"collection":[{"href":"https:\/\/gthr.pl\/en\/wp-json\/wp\/v2\/pages"}],"about":[{"href":"https:\/\/gthr.pl\/en\/wp-json\/wp\/v2\/types\/page"}],"author":[{"embeddable":true,"href":"https:\/\/gthr.pl\/en\/wp-json\/wp\/v2\/users\/2"}],"replies":[{"embeddable":true,"href":"https:\/\/gthr.pl\/en\/wp-json\/wp\/v2\/comments?post=5962"}],"version-history":[{"count":8,"href":"https:\/\/gthr.pl\/en\/wp-json\/wp\/v2\/pages\/5962\/revisions"}],"predecessor-version":[{"id":5973,"href":"https:\/\/gthr.pl\/en\/wp-json\/wp\/v2\/pages\/5962\/revisions\/5973"}],"wp:attachment":[{"href":"https:\/\/gthr.pl\/en\/wp-json\/wp\/v2\/media?parent=5962"}],"curies":[{"name":"wp","href":"https:\/\/api.w.org\/{rel}","templated":true}]}}